{"id":2698,"date":"2020-02-28T15:11:18","date_gmt":"2020-02-28T15:11:18","guid":{"rendered":"https:\/\/mentoring-coaching.msf.org\/?page_id=2698"},"modified":"2020-12-18T13:38:53","modified_gmt":"2020-12-18T13:38:53","slug":"mentoring-et-coaching-hub","status":"publish","type":"page","link":"https:\/\/mentoring-coaching.msf.org\/?page_id=2698&lang=fr","title":{"rendered":"Mentoring &#038; Coaching Hub"},"content":{"rendered":"\n<div class=\"wp-block-media-text alignwide has-media-on-the-right is-stacked-on-mobile\" style=\"grid-template-columns:auto 27%\"><figure class=\"wp-block-media-text__media\"><img decoding=\"async\" loading=\"lazy\" width=\"717\" height=\"557\" src=\"https:\/\/mentoring-coaching.msf.org\/wp-content\/uploads\/2020\/03\/Asset-13-2.png\" alt=\"\" class=\"wp-image-2748 size-full\" srcset=\"https:\/\/mentoring-coaching.msf.org\/wp-content\/uploads\/2020\/03\/Asset-13-2.png 717w, https:\/\/mentoring-coaching.msf.org\/wp-content\/uploads\/2020\/03\/Asset-13-2-300x233.png 300w\" sizes=\"(max-width: 717px) 100vw, 717px\" \/><\/figure><div class=\"wp-block-media-text__content\">\n<p>Le Mentoring &amp; Coaching Hub a \u00e9t\u00e9 cr\u00e9\u00e9 en janvier 2017 pour r\u00e9pondre \u00e0 diff\u00e9rents besoins&nbsp;:<\/p>\n\n\n\n<ul><li>Concevoir, inventer et \u00e9laborer de nouvelles solutions pour les activit\u00e9s de mentorat et de coaching,<\/li><li>Fournir une formation commune aux mentors et coachs MSF (coaching individuel et coaching d\u2019\u00e9quipe)<\/li><li>Documenter : \u00e9valuer et mettre \u00e0 profit les activit\u00e9s de mentoring et de coaching afin de partager les enseignements avec les diff\u00e9rents acteurs concern\u00e9s au sein de MSF.<\/li><\/ul>\n<\/div><\/div>\n\n\n\n<figure class=\"wp-block-pullquote\" style=\"border-color:#ee0000\"><blockquote><p><em>L\u2019objectif du Mentoring &amp; Coaching Hub est de soutenir les projets MSF gr\u00e2ce au mentoring et au coaching pour am\u00e9liorer les comp\u00e9tences en leadership personnel et professionnel<\/em>.<\/p><\/blockquote><\/figure>\n\n\n\n<h2 class=\"wp-block-heading\">L&#8217;\u00c9quipe du Mentoring &amp; Coaching Hub <\/h2>\n\n\n\n<div class=\"wp-block-columns is-layout-flex wp-container-4\">\n<div class=\"wp-block-column is-layout-flow\">\n<figure class=\"wp-block-image size-large\"><img decoding=\"async\" src=\"https:\/\/mentoring-coaching.msf.org\/wp-content\/uploads\/2020\/10\/Mansoor-Ali-2-2.jpg\" alt=\"\"\/><figcaption>Mansoor Ali<em><br><em>Coordinateur du Mentoring &amp; Coaching Hub<\/em><\/em><\/figcaption><\/figure>\n<\/div>\n\n\n\n<div class=\"wp-block-column is-layout-flow\">\n<figure class=\"wp-block-image size-large\"><img decoding=\"async\" loading=\"lazy\" width=\"500\" height=\"500\" src=\"https:\/\/mentoring-coaching.msf.org\/wp-content\/uploads\/2020\/01\/20180704-123857-mc_hub-0012-1.jpg\" alt=\"\" class=\"wp-image-335\" srcset=\"https:\/\/mentoring-coaching.msf.org\/wp-content\/uploads\/2020\/01\/20180704-123857-mc_hub-0012-1.jpg 500w, https:\/\/mentoring-coaching.msf.org\/wp-content\/uploads\/2020\/01\/20180704-123857-mc_hub-0012-1-300x300.jpg 300w, https:\/\/mentoring-coaching.msf.org\/wp-content\/uploads\/2020\/01\/20180704-123857-mc_hub-0012-1-150x150.jpg 150w\" sizes=\"(max-width: 500px) 100vw, 500px\" \/><figcaption>Agnese Pinto<em><br>Chef de projet mentorat et coaching<\/em><\/figcaption><\/figure>\n<\/div>\n\n\n\n<div class=\"wp-block-column is-layout-flow\">\n<figure class=\"wp-block-image size-large\"><img decoding=\"async\" src=\"https:\/\/mentoring-coaching.msf.org\/wp-content\/uploads\/2020\/01\/20180607-120738-mc_hub-0016-Edit-Copy-1.jpg\" alt=\"\" class=\"wp-image-336\"\/><figcaption>Holly Bennett<br><em>Manager de l&#8217;\u00e9valuation et capitalisation<\/em><\/figcaption><\/figure>\n<\/div>\n<\/div>\n\n\n\n<div class=\"wp-block-columns is-layout-flex wp-container-8\">\n<div class=\"wp-block-column is-layout-flow\">\n<figure class=\"wp-block-image size-large\"><img decoding=\"async\" loading=\"lazy\" width=\"499\" height=\"499\" src=\"https:\/\/mentoring-coaching.msf.org\/wp-content\/uploads\/2020\/01\/20180607-120456-mc_hub-0002-Copy-1.jpg\" alt=\"\" class=\"wp-image-337\" srcset=\"https:\/\/mentoring-coaching.msf.org\/wp-content\/uploads\/2020\/01\/20180607-120456-mc_hub-0002-Copy-1.jpg 499w, https:\/\/mentoring-coaching.msf.org\/wp-content\/uploads\/2020\/01\/20180607-120456-mc_hub-0002-Copy-1-300x300.jpg 300w, https:\/\/mentoring-coaching.msf.org\/wp-content\/uploads\/2020\/01\/20180607-120456-mc_hub-0002-Copy-1-150x150.jpg 150w\" sizes=\"(max-width: 499px) 100vw, 499px\" \/><figcaption>John Ingram<br><em>Chef de projet coaching <\/em><\/figcaption><\/figure>\n<\/div>\n\n\n\n<div class=\"wp-block-column is-layout-flow\">\n<figure class=\"wp-block-image size-large\"><img decoding=\"async\" src=\"https:\/\/mentoring-coaching.msf.org\/wp-content\/uploads\/2020\/01\/20180607-120647-mc_hub-0011-Copy-1.jpg\" alt=\"\" class=\"wp-image-338\"\/><figcaption>Jules Mataly<br><em>Manager des contenus num\u00e9riques<\/em><\/figcaption><\/figure>\n<\/div>\n\n\n\n<div class=\"wp-block-column is-layout-flow\">\n<figure class=\"wp-block-image size-large\"><img decoding=\"async\" src=\"https:\/\/mentoring-coaching.msf.org\/wp-content\/uploads\/2020\/01\/20180807-115138-marita-0001-1.jpg\" alt=\"\" class=\"wp-image-339\"\/><figcaption>Marita Honerud<br><em><em>Chef de projet coaching<\/em><\/em> (permission)<\/figcaption><\/figure>\n<\/div>\n<\/div>\n\n\n\n<div class=\"wp-block-columns is-layout-flex wp-container-12\">\n<div class=\"wp-block-column is-layout-flow\">\n<figure class=\"wp-block-image size-large\"><img decoding=\"async\" loading=\"lazy\" width=\"500\" height=\"500\" src=\"https:\/\/mentoring-coaching.msf.org\/wp-content\/uploads\/2020\/01\/20180704-124534-mc_hub-0014-1.jpg\" alt=\"\" class=\"wp-image-340\" srcset=\"https:\/\/mentoring-coaching.msf.org\/wp-content\/uploads\/2020\/01\/20180704-124534-mc_hub-0014-1.jpg 500w, https:\/\/mentoring-coaching.msf.org\/wp-content\/uploads\/2020\/01\/20180704-124534-mc_hub-0014-1-300x300.jpg 300w, https:\/\/mentoring-coaching.msf.org\/wp-content\/uploads\/2020\/01\/20180704-124534-mc_hub-0014-1-150x150.jpg 150w\" sizes=\"(max-width: 500px) 100vw, 500px\" \/><figcaption>Richard Veerman<br><em>Chef de projet mentorat &amp; coaching<\/em><\/figcaption><\/figure>\n\n\n\n<p><\/p>\n<\/div>\n\n\n\n<div class=\"wp-block-column is-layout-flow\">\n<figure class=\"wp-block-image size-large\"><img decoding=\"async\" src=\"https:\/\/mentoring-coaching.msf.org\/wp-content\/uploads\/2020\/01\/20180704-123601-mc_hub-0001-1.jpg\" alt=\"\" class=\"wp-image-341\"\/><figcaption>Ruth Wester<br><em>Support administratif et gestion de projet <\/em><\/figcaption><\/figure>\n\n\n\n<p><\/p>\n<\/div>\n\n\n\n<div class=\"wp-block-column is-layout-flow\"><\/div>\n<\/div>\n","protected":false},"excerpt":{"rendered":"<p>Le Mentoring &amp; Coaching Hub a \u00e9t\u00e9 cr\u00e9\u00e9 en janvier 2017 pour r\u00e9pondre \u00e0 diff\u00e9rents besoins&nbsp;: Concevoir, inventer et \u00e9laborer de nouvelles solutions pour les activit\u00e9s de mentorat et de coaching, Fournir une formation commune aux mentors et coachs MSF (coaching individuel et coaching d\u2019\u00e9quipe) Documenter : \u00e9valuer et mettre \u00e0 profit les activit\u00e9s de [&hellip;]<\/p>\n","protected":false},"author":6,"featured_media":0,"parent":0,"menu_order":0,"comment_status":"closed","ping_status":"closed","template":"","meta":{"_uag_custom_page_level_css":""},"yoast_head":"<!-- This site is optimized with the Yoast SEO plugin v20.8 - https:\/\/yoast.com\/wordpress\/plugins\/seo\/ -->\n<title>Mentoring &amp; Coaching Hub &ndash; MSF Mentoring &amp; Coaching Hub<\/title>\n<meta name=\"robots\" content=\"index, follow, max-snippet:-1, max-image-preview:large, max-video-preview:-1\" \/>\n<link rel=\"canonical\" href=\"https:\/\/mentoring-coaching.msf.org\/?page_id=2698&lang=fr\" \/>\n<meta property=\"og:locale\" content=\"en_US\" \/>\n<meta property=\"og:type\" content=\"article\" \/>\n<meta property=\"og:title\" content=\"Mentoring &amp; Coaching Hub &ndash; MSF Mentoring &amp; Coaching Hub\" \/>\n<meta property=\"og:description\" content=\"Le Mentoring &amp; Coaching Hub a \u00e9t\u00e9 cr\u00e9\u00e9 en janvier 2017 pour r\u00e9pondre \u00e0 diff\u00e9rents besoins&nbsp;: Concevoir, inventer et \u00e9laborer de nouvelles solutions pour les activit\u00e9s de mentorat et de coaching, Fournir une formation commune aux mentors et coachs MSF (coaching individuel et coaching d\u2019\u00e9quipe) Documenter : \u00e9valuer et mettre \u00e0 profit les activit\u00e9s de [&hellip;]\" \/>\n<meta property=\"og:url\" content=\"https:\/\/mentoring-coaching.msf.org\/?page_id=2698&amp;lang=fr\" \/>\n<meta property=\"og:site_name\" content=\"MSF Mentoring &amp; Coaching Hub\" \/>\n<meta property=\"article:modified_time\" content=\"2020-12-18T13:38:53+00:00\" \/>\n<meta property=\"og:image\" content=\"https:\/\/mentoring-coaching.msf.org\/wp-content\/uploads\/2020\/03\/Asset-13-2.png\" \/>\n<meta name=\"twitter:card\" content=\"summary_large_image\" \/>\n<meta name=\"twitter:label1\" content=\"Est. reading time\" \/>\n\t<meta name=\"twitter:data1\" content=\"1 minute\" \/>\n<script type=\"application\/ld+json\" class=\"yoast-schema-graph\">{\"@context\":\"https:\/\/schema.org\",\"@graph\":[{\"@type\":\"WebPage\",\"@id\":\"https:\/\/mentoring-coaching.msf.org\/?page_id=2698&lang=fr\",\"url\":\"https:\/\/mentoring-coaching.msf.org\/?page_id=2698&lang=fr\",\"name\":\"Mentoring & Coaching Hub &ndash; MSF Mentoring &amp; Coaching Hub\",\"isPartOf\":{\"@id\":\"https:\/\/mentoring-coaching.msf.org\/#website\"},\"datePublished\":\"2020-02-28T15:11:18+00:00\",\"dateModified\":\"2020-12-18T13:38:53+00:00\",\"breadcrumb\":{\"@id\":\"https:\/\/mentoring-coaching.msf.org\/?page_id=2698&lang=fr#breadcrumb\"},\"inLanguage\":\"en-US\",\"potentialAction\":[{\"@type\":\"ReadAction\",\"target\":[\"https:\/\/mentoring-coaching.msf.org\/?page_id=2698&lang=fr\"]}]},{\"@type\":\"BreadcrumbList\",\"@id\":\"https:\/\/mentoring-coaching.msf.org\/?page_id=2698&lang=fr#breadcrumb\",\"itemListElement\":[{\"@type\":\"ListItem\",\"position\":1,\"name\":\"Home\",\"item\":\"https:\/\/mentoring-coaching.msf.org\/?lang=en\"},{\"@type\":\"ListItem\",\"position\":2,\"name\":\"Mentoring &#038; Coaching Hub\"}]},{\"@type\":\"WebSite\",\"@id\":\"https:\/\/mentoring-coaching.msf.org\/#website\",\"url\":\"https:\/\/mentoring-coaching.msf.org\/\",\"name\":\"MSF Mentoring &amp; Coaching Hub\",\"description\":\"\",\"publisher\":{\"@id\":\"https:\/\/mentoring-coaching.msf.org\/#organization\"},\"potentialAction\":[{\"@type\":\"SearchAction\",\"target\":{\"@type\":\"EntryPoint\",\"urlTemplate\":\"https:\/\/mentoring-coaching.msf.org\/?s={search_term_string}\"},\"query-input\":\"required name=search_term_string\"}],\"inLanguage\":\"en-US\"},{\"@type\":\"Organization\",\"@id\":\"https:\/\/mentoring-coaching.msf.org\/#organization\",\"name\":\"Mentoring &Coaching Hub \u2013 Doctors Without Borders\",\"url\":\"https:\/\/mentoring-coaching.msf.org\/\",\"logo\":{\"@type\":\"ImageObject\",\"inLanguage\":\"en-US\",\"@id\":\"https:\/\/mentoring-coaching.msf.org\/#\/schema\/logo\/image\/\",\"url\":\"https:\/\/mentoring-coaching.msf.org\/wp-content\/uploads\/2019\/11\/MCHub-logo-white-small-RGB.jpg\",\"contentUrl\":\"https:\/\/mentoring-coaching.msf.org\/wp-content\/uploads\/2019\/11\/MCHub-logo-white-small-RGB.jpg\",\"width\":628,\"height\":408,\"caption\":\"Mentoring &Coaching Hub \u2013 Doctors Without Borders\"},\"image\":{\"@id\":\"https:\/\/mentoring-coaching.msf.org\/#\/schema\/logo\/image\/\"}}]}<\/script>\n<!-- \/ Yoast SEO plugin. -->","yoast_head_json":{"title":"Mentoring & Coaching Hub &ndash; MSF Mentoring &amp; Coaching Hub","robots":{"index":"index","follow":"follow","max-snippet":"max-snippet:-1","max-image-preview":"max-image-preview:large","max-video-preview":"max-video-preview:-1"},"canonical":"https:\/\/mentoring-coaching.msf.org\/?page_id=2698&lang=fr","og_locale":"en_US","og_type":"article","og_title":"Mentoring & Coaching Hub &ndash; MSF Mentoring &amp; Coaching Hub","og_description":"Le Mentoring &amp; Coaching Hub a \u00e9t\u00e9 cr\u00e9\u00e9 en janvier 2017 pour r\u00e9pondre \u00e0 diff\u00e9rents besoins&nbsp;: Concevoir, inventer et \u00e9laborer de nouvelles solutions pour les activit\u00e9s de mentorat et de coaching, Fournir une formation commune aux mentors et coachs MSF (coaching individuel et coaching d\u2019\u00e9quipe) Documenter : \u00e9valuer et mettre \u00e0 profit les activit\u00e9s de [&hellip;]","og_url":"https:\/\/mentoring-coaching.msf.org\/?page_id=2698&lang=fr","og_site_name":"MSF Mentoring &amp; Coaching Hub","article_modified_time":"2020-12-18T13:38:53+00:00","og_image":[{"url":"https:\/\/mentoring-coaching.msf.org\/wp-content\/uploads\/2020\/03\/Asset-13-2.png"}],"twitter_card":"summary_large_image","twitter_misc":{"Est. reading time":"1 minute"},"schema":{"@context":"https:\/\/schema.org","@graph":[{"@type":"WebPage","@id":"https:\/\/mentoring-coaching.msf.org\/?page_id=2698&lang=fr","url":"https:\/\/mentoring-coaching.msf.org\/?page_id=2698&lang=fr","name":"Mentoring & Coaching Hub &ndash; MSF Mentoring &amp; Coaching Hub","isPartOf":{"@id":"https:\/\/mentoring-coaching.msf.org\/#website"},"datePublished":"2020-02-28T15:11:18+00:00","dateModified":"2020-12-18T13:38:53+00:00","breadcrumb":{"@id":"https:\/\/mentoring-coaching.msf.org\/?page_id=2698&lang=fr#breadcrumb"},"inLanguage":"en-US","potentialAction":[{"@type":"ReadAction","target":["https:\/\/mentoring-coaching.msf.org\/?page_id=2698&lang=fr"]}]},{"@type":"BreadcrumbList","@id":"https:\/\/mentoring-coaching.msf.org\/?page_id=2698&lang=fr#breadcrumb","itemListElement":[{"@type":"ListItem","position":1,"name":"Home","item":"https:\/\/mentoring-coaching.msf.org\/?lang=en"},{"@type":"ListItem","position":2,"name":"Mentoring &#038; Coaching Hub"}]},{"@type":"WebSite","@id":"https:\/\/mentoring-coaching.msf.org\/#website","url":"https:\/\/mentoring-coaching.msf.org\/","name":"MSF Mentoring &amp; Coaching Hub","description":"","publisher":{"@id":"https:\/\/mentoring-coaching.msf.org\/#organization"},"potentialAction":[{"@type":"SearchAction","target":{"@type":"EntryPoint","urlTemplate":"https:\/\/mentoring-coaching.msf.org\/?s={search_term_string}"},"query-input":"required name=search_term_string"}],"inLanguage":"en-US"},{"@type":"Organization","@id":"https:\/\/mentoring-coaching.msf.org\/#organization","name":"Mentoring &Coaching Hub \u2013 Doctors Without Borders","url":"https:\/\/mentoring-coaching.msf.org\/","logo":{"@type":"ImageObject","inLanguage":"en-US","@id":"https:\/\/mentoring-coaching.msf.org\/#\/schema\/logo\/image\/","url":"https:\/\/mentoring-coaching.msf.org\/wp-content\/uploads\/2019\/11\/MCHub-logo-white-small-RGB.jpg","contentUrl":"https:\/\/mentoring-coaching.msf.org\/wp-content\/uploads\/2019\/11\/MCHub-logo-white-small-RGB.jpg","width":628,"height":408,"caption":"Mentoring &Coaching Hub \u2013 Doctors Without Borders"},"image":{"@id":"https:\/\/mentoring-coaching.msf.org\/#\/schema\/logo\/image\/"}}]}},"uagb_featured_image_src":{"full":false,"thumbnail":false,"medium":false,"medium_large":false,"large":false,"1536x1536":false,"2048x2048":false},"uagb_author_info":{"display_name":"Hossein Ghasemi","author_link":"https:\/\/mentoring-coaching.msf.org\/?author=6"},"uagb_comment_info":0,"uagb_excerpt":"Le Mentoring &amp; Coaching Hub a \u00e9t\u00e9 cr\u00e9\u00e9 en janvier 2017 pour r\u00e9pondre \u00e0 diff\u00e9rents besoins&nbsp;: Concevoir, inventer et \u00e9laborer de nouvelles solutions pour les activit\u00e9s de mentorat et de coaching, Fournir une formation commune aux mentors et coachs MSF (coaching individuel et coaching d\u2019\u00e9quipe) Documenter : \u00e9valuer et mettre \u00e0 profit les activit\u00e9s de&hellip;","_links":{"self":[{"href":"https:\/\/mentoring-coaching.msf.org\/index.php?rest_route=\/wp\/v2\/pages\/2698"}],"collection":[{"href":"https:\/\/mentoring-coaching.msf.org\/index.php?rest_route=\/wp\/v2\/pages"}],"about":[{"href":"https:\/\/mentoring-coaching.msf.org\/index.php?rest_route=\/wp\/v2\/types\/page"}],"author":[{"embeddable":true,"href":"https:\/\/mentoring-coaching.msf.org\/index.php?rest_route=\/wp\/v2\/users\/6"}],"replies":[{"embeddable":true,"href":"https:\/\/mentoring-coaching.msf.org\/index.php?rest_route=%2Fwp%2Fv2%2Fcomments&post=2698"}],"version-history":[{"count":9,"href":"https:\/\/mentoring-coaching.msf.org\/index.php?rest_route=\/wp\/v2\/pages\/2698\/revisions"}],"predecessor-version":[{"id":3074,"href":"https:\/\/mentoring-coaching.msf.org\/index.php?rest_route=\/wp\/v2\/pages\/2698\/revisions\/3074"}],"wp:attachment":[{"href":"https:\/\/mentoring-coaching.msf.org\/index.php?rest_route=%2Fwp%2Fv2%2Fmedia&parent=2698"}],"curies":[{"name":"wp","href":"https:\/\/api.w.org\/{rel}","templated":true}]}}