{"id":2695,"date":"2020-02-28T14:57:39","date_gmt":"2020-02-28T14:57:39","guid":{"rendered":"https:\/\/mentoring-coaching.msf.org\/?page_id=2695"},"modified":"2025-04-19T10:49:45","modified_gmt":"2025-04-19T08:49:45","slug":"coaching-qui-contacter","status":"publish","type":"page","link":"https:\/\/mentoring-coaching.msf.org\/?page_id=2695&lang=fr","title":{"rendered":"Coaching &#8211; qui contacter?"},"content":{"rendered":"\n<p>Si vous souhaitez obtenir des informations g\u00e9n\u00e9rales relatives au coaching, vous pouvez contacter <a href=\"mailto:john.ingram@oslo.msf.org\" data-type=\"mailto\" data-id=\"mailto:john.ingram@oslo.msf.org\">John Ingram<\/a> ou <a href=\"mailto:richard.veerman@oslo.msf.org\">Richard Veerman<\/a> du Mentoring &amp; Coaching Hub.<\/p>\n\n\n\n<p>Si vous souhaitez b\u00e9n\u00e9ficier d\u2019un coaching individuel ou d\u2019un coaching d\u2019\u00e9quipe, vous pouvez contacter le centre de liaison de votre centre op\u00e9rationnel&nbsp;<\/p>\n\n\n\n<div class=\"wp-block-columns alignwide is-layout-flex wp-container-4\">\n<div class=\"wp-block-column is-layout-flow\">\n<p class=\"has-background\" style=\"background-color:#f7f7f7\"><strong><strong>OCA<\/strong><br><\/strong>Terrain &amp; si\u00e8ge: <a href=\"mailto:oca.coaching@amsterdam.msf.org\">Ranjan Koul<\/a><\/p>\n<\/div>\n\n\n\n<div class=\"wp-block-column is-layout-flow\">\n<p class=\"has-text-align-left has-very-light-gray-background-color has-background\"><strong><strong>OCBA<\/strong><br><\/strong>Si\u00e8ge: <a href=\"mailto:gosia.kopica@barcelona.msf.org\" target=\"_blank\" rel=\"noreferrer noopener\">Gosia Kopica<\/a><\/p>\n<\/div>\n\n\n\n<div class=\"wp-block-column is-layout-flow\">\n<p class=\"has-text-align-left has-background\" style=\"background-color:#f7f7f7\"><strong><strong>OCG<\/strong><br><\/strong>Terrain &amp; si\u00e8ge<br><a href=\"mailto:luis.encinas@geneva.msf.org\"><a href=\"mailto:Coaching-Mentoring-OCG.GVA@geneva.msf.org\">Coaching-Mentoring-OCG.GVA@geneva.msf.org<\/a><\/a><\/p>\n<\/div>\n<\/div>\n\n\n\n<div class=\"wp-block-columns alignwide is-layout-flex wp-container-8\">\n<div class=\"wp-block-column is-layout-flow\">\n<p class=\"has-very-light-gray-background-color has-background\"><strong>OCP<\/strong><br>Terrain: <a href=\"mailto:stephanie.michel.nilles@newyork.msf.org\">St\u00e9phanie Michel Nilles<\/a><br>Si\u00e8ge:<a href=\"mailto:stephanie.courant@paris.msf.org\"> St\u00e9phanie Courant<\/a><br><a rel=\"noreferrer noopener\" href=\"https:\/\/mentoring-coaching.msf.org\/wp-content\/uploads\/2019\/07\/OCP-Coaching-Brochure-FR.pdf\" target=\"_blank\">OCP Coaching brochure (Fran\u00e7ais)<\/a><br><a rel=\"noreferrer noopener\" href=\"https:\/\/mentoring-coaching.msf.org\/wp-content\/uploads\/2019\/07\/Coaching-vs-Mentoring-Brochure.pdf\" target=\"_blank\">Coaching vs. Mentoring brochure (En)<\/a><\/p>\n<\/div>\n\n\n\n<div class=\"wp-block-column is-layout-flow\">\n<p class=\"has-text-align-left has-background\" style=\"background-color:#f7f7f7\"><strong><strong>OCB<\/strong><br><\/strong>Si\u00e8ge: <a href=\"mailto:Isabelle.Bercq@brussels.msf.org\">Isabelle Bercq<\/a> &amp; <a href=\"mailto:diane.vandenhaute@brussels.msf.org\">Diane Vandenhaute<\/a> (managers)<br>Terrain: <a href=\"mailto:Wiet.Vandormael@brussels.msf.org\">Wiet Vandormael<\/a><\/p>\n<\/div>\n\n\n\n<div class=\"wp-block-column is-layout-flow\">\n<p class=\"has-text-align-left has-very-light-gray-background-color has-background\"><strong>Mentoring &amp; Coaching Hub<\/strong><br><a href=\"mailto:courtney.mather@oslo.msf.org\">John Ingram<\/a> \u2013 Chef de projet coaching<\/p>\n<\/div>\n<\/div>\n\n\n\n<div class=\"wp-block-columns alignwide is-layout-flex wp-container-12\">\n<div class=\"wp-block-column is-layout-flow\"><\/div>\n\n\n\n<div class=\"wp-block-column is-layout-flow\"><\/div>\n\n\n\n<div class=\"wp-block-column is-layout-flow\"><\/div>\n<\/div>\n\n\n\n<h2 class=\"wp-block-heading\">Code de bonnes pratiques<\/h2>\n\n\n\n<p><a href=\"https:\/\/mentoring-coaching.msf.org\/wp-content\/uploads\/2020\/07\/Code-of-Conduct-Coaching-Programme.pdf\">Il s\u2019agit d\u2019une ressource que les coachs et les coach\u00e9s peuvent consulter<\/a>. Ce document d\u00e9finit les comportements \u00e0 suivre pour que l\u2019apprentissage soit constructif. Nous vous conseillons de le lire et d\u2019en discuter avec votre coaching programme manager ainsi qu\u2019avec votre coach ou avec la personne que vous allez coacher.<\/p>\n","protected":false},"excerpt":{"rendered":"<p>Si vous souhaitez obtenir des informations g\u00e9n\u00e9rales relatives au coaching, vous pouvez contacter John Ingram ou Richard Veerman du Mentoring &amp; Coaching Hub. Si vous souhaitez b\u00e9n\u00e9ficier d\u2019un coaching individuel ou d\u2019un coaching d\u2019\u00e9quipe, vous pouvez contacter le centre de liaison de votre centre op\u00e9rationnel&nbsp; OCATerrain &amp; si\u00e8ge: Ranjan Koul OCBASi\u00e8ge: Gosia Kopica OCGTerrain &amp; [&hellip;]<\/p>\n","protected":false},"author":6,"featured_media":4291,"parent":2684,"menu_order":0,"comment_status":"closed","ping_status":"closed","template":"","meta":{"_uag_custom_page_level_css":""},"yoast_head":"<!-- This site is optimized with the Yoast SEO plugin v20.8 - https:\/\/yoast.com\/wordpress\/plugins\/seo\/ -->\n<title>Coaching - qui contacter? &ndash; MSF Mentoring &amp; Coaching Hub<\/title>\n<meta name=\"robots\" content=\"index, follow, max-snippet:-1, max-image-preview:large, max-video-preview:-1\" \/>\n<link rel=\"canonical\" href=\"https:\/\/mentoring-coaching.msf.org\/?page_id=2695&lang=fr\" \/>\n<meta property=\"og:locale\" content=\"en_US\" \/>\n<meta property=\"og:type\" content=\"article\" \/>\n<meta property=\"og:title\" content=\"Coaching - qui contacter? &ndash; MSF Mentoring &amp; Coaching Hub\" \/>\n<meta property=\"og:description\" content=\"Si vous souhaitez obtenir des informations g\u00e9n\u00e9rales relatives au coaching, vous pouvez contacter John Ingram ou Richard Veerman du Mentoring &amp; Coaching Hub. Si vous souhaitez b\u00e9n\u00e9ficier d\u2019un coaching individuel ou d\u2019un coaching d\u2019\u00e9quipe, vous pouvez contacter le centre de liaison de votre centre op\u00e9rationnel&nbsp; OCATerrain &amp; si\u00e8ge: Ranjan Koul OCBASi\u00e8ge: Gosia Kopica OCGTerrain &amp; [&hellip;]\" \/>\n<meta property=\"og:url\" content=\"https:\/\/mentoring-coaching.msf.org\/?page_id=2695&amp;lang=fr\" \/>\n<meta property=\"og:site_name\" content=\"MSF Mentoring &amp; Coaching Hub\" \/>\n<meta property=\"article:modified_time\" content=\"2025-04-19T08:49:45+00:00\" \/>\n<meta property=\"og:image\" content=\"https:\/\/mentoring-coaching.msf.org\/wp-content\/uploads\/2023\/01\/coaching-qui-contacter.png\" \/>\n\t<meta property=\"og:image:width\" content=\"940\" \/>\n\t<meta property=\"og:image:height\" content=\"788\" \/>\n\t<meta property=\"og:image:type\" content=\"image\/png\" \/>\n<meta name=\"twitter:card\" content=\"summary_large_image\" \/>\n<meta name=\"twitter:label1\" content=\"Est. reading time\" \/>\n\t<meta name=\"twitter:data1\" content=\"1 minute\" \/>\n<script type=\"application\/ld+json\" class=\"yoast-schema-graph\">{\"@context\":\"https:\/\/schema.org\",\"@graph\":[{\"@type\":\"WebPage\",\"@id\":\"https:\/\/mentoring-coaching.msf.org\/?page_id=2695&lang=fr\",\"url\":\"https:\/\/mentoring-coaching.msf.org\/?page_id=2695&lang=fr\",\"name\":\"Coaching - qui contacter? &ndash; MSF Mentoring &amp; Coaching Hub\",\"isPartOf\":{\"@id\":\"https:\/\/mentoring-coaching.msf.org\/#website\"},\"datePublished\":\"2020-02-28T14:57:39+00:00\",\"dateModified\":\"2025-04-19T08:49:45+00:00\",\"breadcrumb\":{\"@id\":\"https:\/\/mentoring-coaching.msf.org\/?page_id=2695&lang=fr#breadcrumb\"},\"inLanguage\":\"en-US\",\"potentialAction\":[{\"@type\":\"ReadAction\",\"target\":[\"https:\/\/mentoring-coaching.msf.org\/?page_id=2695&lang=fr\"]}]},{\"@type\":\"BreadcrumbList\",\"@id\":\"https:\/\/mentoring-coaching.msf.org\/?page_id=2695&lang=fr#breadcrumb\",\"itemListElement\":[{\"@type\":\"ListItem\",\"position\":1,\"name\":\"Home\",\"item\":\"https:\/\/mentoring-coaching.msf.org\/?lang=en\"},{\"@type\":\"ListItem\",\"position\":2,\"name\":\"Le Coaching \u00e0 MSF\",\"item\":\"https:\/\/mentoring-coaching.msf.org\/?page_id=2684&lang=fr\"},{\"@type\":\"ListItem\",\"position\":3,\"name\":\"Coaching &#8211; qui contacter?\"}]},{\"@type\":\"WebSite\",\"@id\":\"https:\/\/mentoring-coaching.msf.org\/#website\",\"url\":\"https:\/\/mentoring-coaching.msf.org\/\",\"name\":\"MSF Mentoring &amp; Coaching Hub\",\"description\":\"\",\"publisher\":{\"@id\":\"https:\/\/mentoring-coaching.msf.org\/#organization\"},\"potentialAction\":[{\"@type\":\"SearchAction\",\"target\":{\"@type\":\"EntryPoint\",\"urlTemplate\":\"https:\/\/mentoring-coaching.msf.org\/?s={search_term_string}\"},\"query-input\":\"required name=search_term_string\"}],\"inLanguage\":\"en-US\"},{\"@type\":\"Organization\",\"@id\":\"https:\/\/mentoring-coaching.msf.org\/#organization\",\"name\":\"Mentoring &Coaching Hub \u2013 Doctors Without Borders\",\"url\":\"https:\/\/mentoring-coaching.msf.org\/\",\"logo\":{\"@type\":\"ImageObject\",\"inLanguage\":\"en-US\",\"@id\":\"https:\/\/mentoring-coaching.msf.org\/#\/schema\/logo\/image\/\",\"url\":\"https:\/\/mentoring-coaching.msf.org\/wp-content\/uploads\/2019\/11\/MCHub-logo-white-small-RGB.jpg\",\"contentUrl\":\"https:\/\/mentoring-coaching.msf.org\/wp-content\/uploads\/2019\/11\/MCHub-logo-white-small-RGB.jpg\",\"width\":628,\"height\":408,\"caption\":\"Mentoring &Coaching Hub \u2013 Doctors Without Borders\"},\"image\":{\"@id\":\"https:\/\/mentoring-coaching.msf.org\/#\/schema\/logo\/image\/\"}}]}<\/script>\n<!-- \/ Yoast SEO plugin. -->","yoast_head_json":{"title":"Coaching - qui contacter? &ndash; MSF Mentoring &amp; Coaching Hub","robots":{"index":"index","follow":"follow","max-snippet":"max-snippet:-1","max-image-preview":"max-image-preview:large","max-video-preview":"max-video-preview:-1"},"canonical":"https:\/\/mentoring-coaching.msf.org\/?page_id=2695&lang=fr","og_locale":"en_US","og_type":"article","og_title":"Coaching - qui contacter? &ndash; MSF Mentoring &amp; Coaching Hub","og_description":"Si vous souhaitez obtenir des informations g\u00e9n\u00e9rales relatives au coaching, vous pouvez contacter John Ingram ou Richard Veerman du Mentoring &amp; Coaching Hub. Si vous souhaitez b\u00e9n\u00e9ficier d\u2019un coaching individuel ou d\u2019un coaching d\u2019\u00e9quipe, vous pouvez contacter le centre de liaison de votre centre op\u00e9rationnel&nbsp; OCATerrain &amp; si\u00e8ge: Ranjan Koul OCBASi\u00e8ge: Gosia Kopica OCGTerrain &amp; [&hellip;]","og_url":"https:\/\/mentoring-coaching.msf.org\/?page_id=2695&lang=fr","og_site_name":"MSF Mentoring &amp; Coaching Hub","article_modified_time":"2025-04-19T08:49:45+00:00","og_image":[{"width":940,"height":788,"url":"https:\/\/mentoring-coaching.msf.org\/wp-content\/uploads\/2023\/01\/coaching-qui-contacter.png","type":"image\/png"}],"twitter_card":"summary_large_image","twitter_misc":{"Est. reading time":"1 minute"},"schema":{"@context":"https:\/\/schema.org","@graph":[{"@type":"WebPage","@id":"https:\/\/mentoring-coaching.msf.org\/?page_id=2695&lang=fr","url":"https:\/\/mentoring-coaching.msf.org\/?page_id=2695&lang=fr","name":"Coaching - qui contacter? &ndash; MSF Mentoring &amp; Coaching Hub","isPartOf":{"@id":"https:\/\/mentoring-coaching.msf.org\/#website"},"datePublished":"2020-02-28T14:57:39+00:00","dateModified":"2025-04-19T08:49:45+00:00","breadcrumb":{"@id":"https:\/\/mentoring-coaching.msf.org\/?page_id=2695&lang=fr#breadcrumb"},"inLanguage":"en-US","potentialAction":[{"@type":"ReadAction","target":["https:\/\/mentoring-coaching.msf.org\/?page_id=2695&lang=fr"]}]},{"@type":"BreadcrumbList","@id":"https:\/\/mentoring-coaching.msf.org\/?page_id=2695&lang=fr#breadcrumb","itemListElement":[{"@type":"ListItem","position":1,"name":"Home","item":"https:\/\/mentoring-coaching.msf.org\/?lang=en"},{"@type":"ListItem","position":2,"name":"Le Coaching \u00e0 MSF","item":"https:\/\/mentoring-coaching.msf.org\/?page_id=2684&lang=fr"},{"@type":"ListItem","position":3,"name":"Coaching &#8211; qui contacter?"}]},{"@type":"WebSite","@id":"https:\/\/mentoring-coaching.msf.org\/#website","url":"https:\/\/mentoring-coaching.msf.org\/","name":"MSF Mentoring &amp; Coaching Hub","description":"","publisher":{"@id":"https:\/\/mentoring-coaching.msf.org\/#organization"},"potentialAction":[{"@type":"SearchAction","target":{"@type":"EntryPoint","urlTemplate":"https:\/\/mentoring-coaching.msf.org\/?s={search_term_string}"},"query-input":"required name=search_term_string"}],"inLanguage":"en-US"},{"@type":"Organization","@id":"https:\/\/mentoring-coaching.msf.org\/#organization","name":"Mentoring &Coaching Hub \u2013 Doctors Without Borders","url":"https:\/\/mentoring-coaching.msf.org\/","logo":{"@type":"ImageObject","inLanguage":"en-US","@id":"https:\/\/mentoring-coaching.msf.org\/#\/schema\/logo\/image\/","url":"https:\/\/mentoring-coaching.msf.org\/wp-content\/uploads\/2019\/11\/MCHub-logo-white-small-RGB.jpg","contentUrl":"https:\/\/mentoring-coaching.msf.org\/wp-content\/uploads\/2019\/11\/MCHub-logo-white-small-RGB.jpg","width":628,"height":408,"caption":"Mentoring &Coaching Hub \u2013 Doctors Without Borders"},"image":{"@id":"https:\/\/mentoring-coaching.msf.org\/#\/schema\/logo\/image\/"}}]}},"uagb_featured_image_src":{"full":["https:\/\/mentoring-coaching.msf.org\/wp-content\/uploads\/2023\/01\/coaching-qui-contacter.png",940,788,false],"thumbnail":["https:\/\/mentoring-coaching.msf.org\/wp-content\/uploads\/2023\/01\/coaching-qui-contacter-150x150.png",150,150,true],"medium":["https:\/\/mentoring-coaching.msf.org\/wp-content\/uploads\/2023\/01\/coaching-qui-contacter-300x251.png",300,251,true],"medium_large":["https:\/\/mentoring-coaching.msf.org\/wp-content\/uploads\/2023\/01\/coaching-qui-contacter-768x644.png",640,537,true],"large":["https:\/\/mentoring-coaching.msf.org\/wp-content\/uploads\/2023\/01\/coaching-qui-contacter.png",640,537,false],"1536x1536":["https:\/\/mentoring-coaching.msf.org\/wp-content\/uploads\/2023\/01\/coaching-qui-contacter.png",940,788,false],"2048x2048":["https:\/\/mentoring-coaching.msf.org\/wp-content\/uploads\/2023\/01\/coaching-qui-contacter.png",940,788,false]},"uagb_author_info":{"display_name":"Hossein Ghasemi","author_link":"https:\/\/mentoring-coaching.msf.org\/?author=6"},"uagb_comment_info":0,"uagb_excerpt":"Si vous souhaitez obtenir des informations g\u00e9n\u00e9rales relatives au coaching, vous pouvez contacter John Ingram ou Richard Veerman du Mentoring &amp; Coaching Hub. Si vous souhaitez b\u00e9n\u00e9ficier d\u2019un coaching individuel ou d\u2019un coaching d\u2019\u00e9quipe, vous pouvez contacter le centre de liaison de votre centre op\u00e9rationnel&nbsp; OCATerrain &amp; si\u00e8ge: Ranjan Koul OCBASi\u00e8ge: Gosia Kopica OCGTerrain &amp;&hellip;","_links":{"self":[{"href":"https:\/\/mentoring-coaching.msf.org\/index.php?rest_route=\/wp\/v2\/pages\/2695"}],"collection":[{"href":"https:\/\/mentoring-coaching.msf.org\/index.php?rest_route=\/wp\/v2\/pages"}],"about":[{"href":"https:\/\/mentoring-coaching.msf.org\/index.php?rest_route=\/wp\/v2\/types\/page"}],"author":[{"embeddable":true,"href":"https:\/\/mentoring-coaching.msf.org\/index.php?rest_route=\/wp\/v2\/users\/6"}],"replies":[{"embeddable":true,"href":"https:\/\/mentoring-coaching.msf.org\/index.php?rest_route=%2Fwp%2Fv2%2Fcomments&post=2695"}],"version-history":[{"count":12,"href":"https:\/\/mentoring-coaching.msf.org\/index.php?rest_route=\/wp\/v2\/pages\/2695\/revisions"}],"predecessor-version":[{"id":4648,"href":"https:\/\/mentoring-coaching.msf.org\/index.php?rest_route=\/wp\/v2\/pages\/2695\/revisions\/4648"}],"up":[{"embeddable":true,"href":"https:\/\/mentoring-coaching.msf.org\/index.php?rest_route=\/wp\/v2\/pages\/2684"}],"wp:featuredmedia":[{"embeddable":true,"href":"https:\/\/mentoring-coaching.msf.org\/index.php?rest_route=\/wp\/v2\/media\/4291"}],"wp:attachment":[{"href":"https:\/\/mentoring-coaching.msf.org\/index.php?rest_route=%2Fwp%2Fv2%2Fmedia&parent=2695"}],"curies":[{"name":"wp","href":"https:\/\/api.w.org\/{rel}","templated":true}]}}