{"id":2687,"date":"2020-02-28T14:15:04","date_gmt":"2020-02-28T14:15:04","guid":{"rendered":"https:\/\/mentoring-coaching.msf.org\/?page_id=2687"},"modified":"2020-08-25T14:47:36","modified_gmt":"2020-08-25T14:47:36","slug":"coaching-individuel","status":"publish","type":"page","link":"https:\/\/mentoring-coaching.msf.org\/?page_id=2687&lang=fr","title":{"rendered":"Coaching Individuel"},"content":{"rendered":"\n<figure class=\"wp-block-embed-youtube alignwide wp-block-embed is-type-video is-provider-youtube wp-embed-aspect-16-9 wp-has-aspect-ratio\"><div class=\"wp-block-embed__wrapper\">\n<iframe loading=\"lazy\" title=\"Individual Coaching in MSF - T\u00e9moignage from a coachee\" width=\"640\" height=\"360\" src=\"https:\/\/www.youtube.com\/embed\/dVhgd5yV4Q0?feature=oembed\" frameborder=\"0\" allow=\"accelerometer; autoplay; encrypted-media; gyroscope; picture-in-picture\" allowfullscreen><\/iframe>\n<\/div><\/figure>\n\n\n\n<div class=\"wp-block-group\"><div class=\"wp-block-group__inner-container is-layout-flow\">\n<p>Le coaching individuel est un moyen unique qui vous aide \u00e0 atteindre des objectifs de d\u00e9veloppement professionnel ou \u00e0 am\u00e9liorer vos performances en vous mettant au c\u0153ur du coaching.<\/p>\n\n\n\n<p>Exemple de coaching individuel&nbsp;:<\/p>\n\n\n\n<ul><li>Am\u00e9liorer son d\u00e9veloppement personnel (pour des raisons de leadership ou de responsabilit\u00e9 par exemple).<\/li><li>Am\u00e9liorer son employabilit\u00e9 ou changer ses choix de carri\u00e8re.<\/li><li>B\u00e9n\u00e9ficier d\u2019aide pour g\u00e9rer sa charge de travail.<\/li><li>Am\u00e9liorer sa communication.<\/li><\/ul>\n<\/div><\/div>\n\n\n\n<figure class=\"wp-block-pullquote\" style=\"border-color:#ee0000\"><blockquote><p><em><strong>Instaurer un climat de transparence et de confiance&nbsp;<\/strong><\/em><\/p><\/blockquote><\/figure>\n\n\n\n<div class=\"wp-block-group alignwide\"><div class=\"wp-block-group__inner-container is-layout-flow\">\n<section class=\"wp-block-uagb-columns uagb-columns__wrap uagb-columns__background-color uagb-columns__stack-mobile uagb-columns__valign-undefined uagb-columns__gap-20 alignwide uagb-block-108b050b-5c53-40ac-8e89-498b92f3e72d\"><div class=\"uagb-columns__overlay\"><\/div><div class=\"uagb-columns__inner-wrap uagb-columns__columns-2\">\n<div class=\"wp-block-uagb-column uagb-column__wrap uagb-column__background-color uagb-block-831ed882-5836-405f-9389-5ac695a57baa\"><div class=\"uagb-column__overlay\"><\/div><div class=\"uagb-column__inner-wrap\">\n<p><strong>COMMENT \u00c7A MARCHE?<\/strong><\/p>\n\n\n\n<p>Lorsque votre demande de coaching est valid\u00e9e par votre centre op\u00e9rationnel, le Mentoring &amp; Coaching Hub vous contactera pour une \u00e9valuation d\u00e9taill\u00e9e de vos besoins. Nous vous aiderons alors \u00e0 fixer des objectifs pour votre coaching.<\/p>\n\n\n\n<p>L\u2019\u00e9tape suivante est le matching. Vous aurez une r\u00e9union avec un coach potentiel au cours de laquelle vous pourrez voir si l\u2019entente est bonne. Si ce n\u2019est pas le cas, un.e autre coach vous sera propos\u00e9.e.<\/p>\n\n\n\n<p>Une session de coaching dure habituellement entre 45 et 60 minutes et se d\u00e9roule sur Skype ou en face \u00e0 face. Le coaching comprend huit \u00e0 dix sessions r\u00e9parties sur une dur\u00e9e allant de trois \u00e0 neuf mois. Vous pouvez r\u00e9\u00e9valuer vos objectifs tout au long du coaching.<\/p>\n\n\n\n<p>Les sessions sont confidentielles.<\/p>\n<\/div><\/div>\n\n\n\n<div class=\"wp-block-uagb-column uagb-column__wrap uagb-column__background-color uagb-block-453497d0-8fbf-4f34-9b12-beafdd2c916c\"><div class=\"uagb-column__overlay\"><\/div><div class=\"uagb-column__inner-wrap\">\n<p><strong>POUR QUI ?<\/strong><\/p>\n\n\n\n<ul><li>Le coaching individuel est offert aux personnes qui se trouvent sur le terrain ou au si\u00e8ge.<\/li><li>Chaque centre op\u00e9rationnel d\u00e9cide des priorit\u00e9s qu\u2019il souhaite donner au coaching.<\/li><li>Le Mentoring &amp; Coaching Hub a form\u00e9 et supervisent un pool intersectionnel de coachs internes qui b\u00e9n\u00e9ficient d\u2019une longue exp\u00e9rience chez MSF.<\/li><\/ul>\n\n\n\n<p>Si vous souhaitez b\u00e9n\u00e9ficier d\u2019un coaching individuel, vous pouvez contacter le <a href=\"https:\/\/mentoring-coaching.msf.org\/fr\/le-coaching-a-msf\/coaching-qui-contacter\/\">centre de liaison de votre centre op\u00e9rationnel<\/a>. Si vous souhaitez des informations g\u00e9n\u00e9rales relatives au coaching vous pouvez contacter le <a href=\"https:\/\/mentoring-coaching.msf.org\/fr\/le-coaching-a-msf\/coaching-qui-contacter\/\">Mentoring &amp; Coaching Hub<\/a>.<\/p>\n<\/div><\/div>\n<\/div><\/section>\n<\/div><\/div>\n","protected":false},"excerpt":{"rendered":"<p>Le coaching individuel est un moyen unique qui vous aide \u00e0 atteindre des objectifs de d\u00e9veloppement professionnel ou \u00e0 am\u00e9liorer vos performances en vous mettant au c\u0153ur du coaching. Exemple de coaching individuel&nbsp;: Am\u00e9liorer son d\u00e9veloppement personnel (pour des raisons de leadership ou de responsabilit\u00e9 par exemple). Am\u00e9liorer son employabilit\u00e9 ou changer ses choix de [&hellip;]<\/p>\n","protected":false},"author":6,"featured_media":0,"parent":2684,"menu_order":1,"comment_status":"closed","ping_status":"closed","template":"","meta":{"_uag_custom_page_level_css":""},"yoast_head":"<!-- This site is optimized with the Yoast SEO plugin v20.8 - https:\/\/yoast.com\/wordpress\/plugins\/seo\/ -->\n<title>Coaching Individuel &ndash; MSF Mentoring &amp; Coaching Hub<\/title>\n<meta name=\"robots\" content=\"index, follow, max-snippet:-1, max-image-preview:large, max-video-preview:-1\" \/>\n<link rel=\"canonical\" href=\"https:\/\/mentoring-coaching.msf.org\/?page_id=2687&lang=fr\" \/>\n<meta property=\"og:locale\" content=\"en_US\" \/>\n<meta property=\"og:type\" content=\"article\" \/>\n<meta property=\"og:title\" content=\"Coaching Individuel &ndash; MSF Mentoring &amp; Coaching Hub\" \/>\n<meta property=\"og:description\" content=\"Le coaching individuel est un moyen unique qui vous aide \u00e0 atteindre des objectifs de d\u00e9veloppement professionnel ou \u00e0 am\u00e9liorer vos performances en vous mettant au c\u0153ur du coaching. Exemple de coaching individuel&nbsp;: Am\u00e9liorer son d\u00e9veloppement personnel (pour des raisons de leadership ou de responsabilit\u00e9 par exemple). Am\u00e9liorer son employabilit\u00e9 ou changer ses choix de [&hellip;]\" \/>\n<meta property=\"og:url\" content=\"https:\/\/mentoring-coaching.msf.org\/?page_id=2687&amp;lang=fr\" \/>\n<meta property=\"og:site_name\" content=\"MSF Mentoring &amp; Coaching Hub\" \/>\n<meta property=\"article:modified_time\" content=\"2020-08-25T14:47:36+00:00\" \/>\n<meta name=\"twitter:card\" content=\"summary_large_image\" \/>\n<meta name=\"twitter:label1\" content=\"Est. reading time\" \/>\n\t<meta name=\"twitter:data1\" content=\"2 minutes\" \/>\n<script type=\"application\/ld+json\" class=\"yoast-schema-graph\">{\"@context\":\"https:\/\/schema.org\",\"@graph\":[{\"@type\":\"WebPage\",\"@id\":\"https:\/\/mentoring-coaching.msf.org\/?page_id=2687&lang=fr\",\"url\":\"https:\/\/mentoring-coaching.msf.org\/?page_id=2687&lang=fr\",\"name\":\"Coaching Individuel &ndash; MSF Mentoring &amp; Coaching Hub\",\"isPartOf\":{\"@id\":\"https:\/\/mentoring-coaching.msf.org\/#website\"},\"datePublished\":\"2020-02-28T14:15:04+00:00\",\"dateModified\":\"2020-08-25T14:47:36+00:00\",\"breadcrumb\":{\"@id\":\"https:\/\/mentoring-coaching.msf.org\/?page_id=2687&lang=fr#breadcrumb\"},\"inLanguage\":\"en-US\",\"potentialAction\":[{\"@type\":\"ReadAction\",\"target\":[\"https:\/\/mentoring-coaching.msf.org\/?page_id=2687&lang=fr\"]}]},{\"@type\":\"BreadcrumbList\",\"@id\":\"https:\/\/mentoring-coaching.msf.org\/?page_id=2687&lang=fr#breadcrumb\",\"itemListElement\":[{\"@type\":\"ListItem\",\"position\":1,\"name\":\"Home\",\"item\":\"https:\/\/mentoring-coaching.msf.org\/?lang=en\"},{\"@type\":\"ListItem\",\"position\":2,\"name\":\"Le Coaching \u00e0 MSF\",\"item\":\"https:\/\/mentoring-coaching.msf.org\/?page_id=2684&lang=fr\"},{\"@type\":\"ListItem\",\"position\":3,\"name\":\"Coaching Individuel\"}]},{\"@type\":\"WebSite\",\"@id\":\"https:\/\/mentoring-coaching.msf.org\/#website\",\"url\":\"https:\/\/mentoring-coaching.msf.org\/\",\"name\":\"MSF Mentoring &amp; Coaching Hub\",\"description\":\"\",\"publisher\":{\"@id\":\"https:\/\/mentoring-coaching.msf.org\/#organization\"},\"potentialAction\":[{\"@type\":\"SearchAction\",\"target\":{\"@type\":\"EntryPoint\",\"urlTemplate\":\"https:\/\/mentoring-coaching.msf.org\/?s={search_term_string}\"},\"query-input\":\"required name=search_term_string\"}],\"inLanguage\":\"en-US\"},{\"@type\":\"Organization\",\"@id\":\"https:\/\/mentoring-coaching.msf.org\/#organization\",\"name\":\"Mentoring &Coaching Hub \u2013 Doctors Without Borders\",\"url\":\"https:\/\/mentoring-coaching.msf.org\/\",\"logo\":{\"@type\":\"ImageObject\",\"inLanguage\":\"en-US\",\"@id\":\"https:\/\/mentoring-coaching.msf.org\/#\/schema\/logo\/image\/\",\"url\":\"https:\/\/mentoring-coaching.msf.org\/wp-content\/uploads\/2019\/11\/MCHub-logo-white-small-RGB.jpg\",\"contentUrl\":\"https:\/\/mentoring-coaching.msf.org\/wp-content\/uploads\/2019\/11\/MCHub-logo-white-small-RGB.jpg\",\"width\":628,\"height\":408,\"caption\":\"Mentoring &Coaching Hub \u2013 Doctors Without Borders\"},\"image\":{\"@id\":\"https:\/\/mentoring-coaching.msf.org\/#\/schema\/logo\/image\/\"}}]}<\/script>\n<!-- \/ Yoast SEO plugin. -->","yoast_head_json":{"title":"Coaching Individuel &ndash; MSF Mentoring &amp; Coaching Hub","robots":{"index":"index","follow":"follow","max-snippet":"max-snippet:-1","max-image-preview":"max-image-preview:large","max-video-preview":"max-video-preview:-1"},"canonical":"https:\/\/mentoring-coaching.msf.org\/?page_id=2687&lang=fr","og_locale":"en_US","og_type":"article","og_title":"Coaching Individuel &ndash; MSF Mentoring &amp; Coaching Hub","og_description":"Le coaching individuel est un moyen unique qui vous aide \u00e0 atteindre des objectifs de d\u00e9veloppement professionnel ou \u00e0 am\u00e9liorer vos performances en vous mettant au c\u0153ur du coaching. Exemple de coaching individuel&nbsp;: Am\u00e9liorer son d\u00e9veloppement personnel (pour des raisons de leadership ou de responsabilit\u00e9 par exemple). Am\u00e9liorer son employabilit\u00e9 ou changer ses choix de [&hellip;]","og_url":"https:\/\/mentoring-coaching.msf.org\/?page_id=2687&lang=fr","og_site_name":"MSF Mentoring &amp; Coaching Hub","article_modified_time":"2020-08-25T14:47:36+00:00","twitter_card":"summary_large_image","twitter_misc":{"Est. reading time":"2 minutes"},"schema":{"@context":"https:\/\/schema.org","@graph":[{"@type":"WebPage","@id":"https:\/\/mentoring-coaching.msf.org\/?page_id=2687&lang=fr","url":"https:\/\/mentoring-coaching.msf.org\/?page_id=2687&lang=fr","name":"Coaching Individuel &ndash; MSF Mentoring &amp; Coaching Hub","isPartOf":{"@id":"https:\/\/mentoring-coaching.msf.org\/#website"},"datePublished":"2020-02-28T14:15:04+00:00","dateModified":"2020-08-25T14:47:36+00:00","breadcrumb":{"@id":"https:\/\/mentoring-coaching.msf.org\/?page_id=2687&lang=fr#breadcrumb"},"inLanguage":"en-US","potentialAction":[{"@type":"ReadAction","target":["https:\/\/mentoring-coaching.msf.org\/?page_id=2687&lang=fr"]}]},{"@type":"BreadcrumbList","@id":"https:\/\/mentoring-coaching.msf.org\/?page_id=2687&lang=fr#breadcrumb","itemListElement":[{"@type":"ListItem","position":1,"name":"Home","item":"https:\/\/mentoring-coaching.msf.org\/?lang=en"},{"@type":"ListItem","position":2,"name":"Le Coaching \u00e0 MSF","item":"https:\/\/mentoring-coaching.msf.org\/?page_id=2684&lang=fr"},{"@type":"ListItem","position":3,"name":"Coaching Individuel"}]},{"@type":"WebSite","@id":"https:\/\/mentoring-coaching.msf.org\/#website","url":"https:\/\/mentoring-coaching.msf.org\/","name":"MSF Mentoring &amp; Coaching Hub","description":"","publisher":{"@id":"https:\/\/mentoring-coaching.msf.org\/#organization"},"potentialAction":[{"@type":"SearchAction","target":{"@type":"EntryPoint","urlTemplate":"https:\/\/mentoring-coaching.msf.org\/?s={search_term_string}"},"query-input":"required name=search_term_string"}],"inLanguage":"en-US"},{"@type":"Organization","@id":"https:\/\/mentoring-coaching.msf.org\/#organization","name":"Mentoring &Coaching Hub \u2013 Doctors Without Borders","url":"https:\/\/mentoring-coaching.msf.org\/","logo":{"@type":"ImageObject","inLanguage":"en-US","@id":"https:\/\/mentoring-coaching.msf.org\/#\/schema\/logo\/image\/","url":"https:\/\/mentoring-coaching.msf.org\/wp-content\/uploads\/2019\/11\/MCHub-logo-white-small-RGB.jpg","contentUrl":"https:\/\/mentoring-coaching.msf.org\/wp-content\/uploads\/2019\/11\/MCHub-logo-white-small-RGB.jpg","width":628,"height":408,"caption":"Mentoring &Coaching Hub \u2013 Doctors Without Borders"},"image":{"@id":"https:\/\/mentoring-coaching.msf.org\/#\/schema\/logo\/image\/"}}]}},"uagb_featured_image_src":{"full":false,"thumbnail":false,"medium":false,"medium_large":false,"large":false,"1536x1536":false,"2048x2048":false},"uagb_author_info":{"display_name":"Hossein Ghasemi","author_link":"https:\/\/mentoring-coaching.msf.org\/?author=6"},"uagb_comment_info":0,"uagb_excerpt":"Le coaching individuel est un moyen unique qui vous aide \u00e0 atteindre des objectifs de d\u00e9veloppement professionnel ou \u00e0 am\u00e9liorer vos performances en vous mettant au c\u0153ur du coaching. Exemple de coaching individuel&nbsp;: Am\u00e9liorer son d\u00e9veloppement personnel (pour des raisons de leadership ou de responsabilit\u00e9 par exemple). Am\u00e9liorer son employabilit\u00e9 ou changer ses choix de&hellip;","_links":{"self":[{"href":"https:\/\/mentoring-coaching.msf.org\/index.php?rest_route=\/wp\/v2\/pages\/2687"}],"collection":[{"href":"https:\/\/mentoring-coaching.msf.org\/index.php?rest_route=\/wp\/v2\/pages"}],"about":[{"href":"https:\/\/mentoring-coaching.msf.org\/index.php?rest_route=\/wp\/v2\/types\/page"}],"author":[{"embeddable":true,"href":"https:\/\/mentoring-coaching.msf.org\/index.php?rest_route=\/wp\/v2\/users\/6"}],"replies":[{"embeddable":true,"href":"https:\/\/mentoring-coaching.msf.org\/index.php?rest_route=%2Fwp%2Fv2%2Fcomments&post=2687"}],"version-history":[{"count":4,"href":"https:\/\/mentoring-coaching.msf.org\/index.php?rest_route=\/wp\/v2\/pages\/2687\/revisions"}],"predecessor-version":[{"id":2982,"href":"https:\/\/mentoring-coaching.msf.org\/index.php?rest_route=\/wp\/v2\/pages\/2687\/revisions\/2982"}],"up":[{"embeddable":true,"href":"https:\/\/mentoring-coaching.msf.org\/index.php?rest_route=\/wp\/v2\/pages\/2684"}],"wp:attachment":[{"href":"https:\/\/mentoring-coaching.msf.org\/index.php?rest_route=%2Fwp%2Fv2%2Fmedia&parent=2687"}],"curies":[{"name":"wp","href":"https:\/\/api.w.org\/{rel}","templated":true}]}}