{"id":2668,"date":"2020-02-27T13:22:00","date_gmt":"2020-02-27T13:22:00","guid":{"rendered":"https:\/\/mentoring-coaching.msf.org\/?page_id=2668"},"modified":"2020-03-02T14:12:18","modified_gmt":"2020-03-02T14:12:18","slug":"le-mentorat-a-msf","status":"publish","type":"page","link":"https:\/\/mentoring-coaching.msf.org\/?page_id=2668&lang=fr","title":{"rendered":"Le Mentorat \u00e0 MSF"},"content":{"rendered":"\n<figure class=\"wp-block-embed-youtube alignwide wp-block-embed is-type-video is-provider-youtube wp-embed-aspect-16-9 wp-has-aspect-ratio\"><div class=\"wp-block-embed__wrapper\">\n<iframe loading=\"lazy\" title=\"How could a mentor have helped you in the field?\" width=\"640\" height=\"360\" src=\"https:\/\/www.youtube.com\/embed\/0GmZs47zLLQ?feature=oembed\" frameborder=\"0\" allow=\"accelerometer; autoplay; encrypted-media; gyroscope; picture-in-picture\" allowfullscreen><\/iframe>\n<\/div><\/figure>\n\n\n\n<div style=\"height:35px\" aria-hidden=\"true\" class=\"wp-block-spacer\"><\/div>\n\n\n\n<h2 class=\"wp-block-heading\">Comment d\u00e9finir le mentorat<\/h2>\n\n\n\n<p>La relation mentor-mentor\u00e9 est une relation primordiale fond\u00e9e sur la confiance et le respect mutuel. Les mentors aident les mentees \u00e0 s\u2019accomplir et atteindre le meilleur d\u2019eux-m\u00eames. Au travers de ces exp\u00e9riences, de nombreux mentors ont pu apprendre et progresser.<br><\/p>\n\n\n\n<figure class=\"wp-block-image size-large\"><img decoding=\"async\" loading=\"lazy\" width=\"856\" height=\"336\" src=\"https:\/\/mentoring-coaching.msf.org\/wp-content\/uploads\/2020\/03\/Asset-12-3.png\" alt=\"steps pre-relation\" class=\"wp-image-2747\" srcset=\"https:\/\/mentoring-coaching.msf.org\/wp-content\/uploads\/2020\/03\/Asset-12-3.png 856w, https:\/\/mentoring-coaching.msf.org\/wp-content\/uploads\/2020\/03\/Asset-12-3-300x118.png 300w, https:\/\/mentoring-coaching.msf.org\/wp-content\/uploads\/2020\/03\/Asset-12-3-768x301.png 768w\" sizes=\"(max-width: 856px) 100vw, 856px\" \/><\/figure>\n\n\n\n<div style=\"height:35px\" aria-hidden=\"true\" class=\"wp-block-spacer\"><\/div>\n\n\n\n<h2 class=\"wp-block-heading\">Les principes cl\u00e9s des programmes de mentorat chez MSF<\/h2>\n\n\n\n<p>Les diff\u00e9rents centres op\u00e9rationnels se sont mis d\u2019accord sur trois principes cl\u00e9s :<\/p>\n\n\n\n<p><em><strong>La volont\u00e9&nbsp;: <\/strong><\/em>y participer de soi-m\u00eame est essentiel pour la r\u00e9ussite du mentorat et pour la progression du mentor\u00e9. S\u2019interroger et \u00eatre remis en question sont deux notions n\u00e9cessaires \u00e0 l\u2019apprentissage qui ne peuvent se produire que si les mentor\u00e9s se sont pleinement engag\u00e9s dans la d\u00e9marche.<\/p>\n\n\n\n<p><strong><em>La confidentialit\u00e9&nbsp;:<\/em><\/strong> il s\u2019agit d\u2019un \u00e9l\u00e9ment cl\u00e9 pour qu\u2019une relation de confiance puisse na\u00eetre entre les mentors et les mentor\u00e9s, notamment \u00e0 un moment o\u00f9 ceux-ci rel\u00e8vent un d\u00e9fi, comme la prise d\u2019une nouvelle fonction. Dans cette relation, les mentor\u00e9 doivent sentir que leur bien-\u00eatre et leur d\u00e9veloppement sont ce qui est le plus important.<\/p>\n\n\n\n<p><strong><em>La non-interf\u00e9rence dans les op\u00e9rations&nbsp;:<\/em><\/strong> les mentors guident les mentor\u00e9s dans l\u2019analyse des situations auxquelles ils font face. Ils sont conscients que la responsabilit\u00e9 des d\u00e9cisions prises incombe <em>in fine<\/em> aux mentor\u00e9s et \u00e0 sa hi\u00e9rarchie.<\/p>\n\n\n\n<div style=\"height:35px\" aria-hidden=\"true\" class=\"wp-block-spacer\"><\/div>\n\n\n\n<h2 class=\"wp-block-heading\">Pourquoi offrir du mentorat chez MSF&nbsp;?<\/h2>\n\n\n\n<p>Nous croyons en l&#8217;id\u00e9e, largement r\u00e9pandue, que la majorit\u00e9 des personnes apprennent sur le terrain. Le mentorat offre ainsi un environnement d&#8217;apprentissage plus efficace car il m\u00e9lange les pens\u00e9es et les perceptions sur votre situation r\u00e9elle, le partage des connaissances (sur vous-m\u00eame, sur le terrain, sur les structures et les syst\u00e8mes de MSF), les v\u00e9rifications des actions men\u00e9es et des r\u00e9sultats ainsi que les feedbacks.<\/p>\n\n\n\n<p>Le mentorat est une relation d&#8217;apprentissage qui offre un espace de discussion important. Les mentor\u00e9s peuvent, par exemple, profiter d\u2019un brainstorming pour trouver des id\u00e9es avec leur mentor avant de les pr\u00e9senter \u00e0 leur manager ou \u00e0 leur \u00e9quipe. Ils peuvent aussi discuter des relations parfois difficiles en milieu professionnel afin de pouvoir les g\u00e9rer au mieux.<\/p>\n\n\n\n<p>Le mentorat est un moyen coh\u00e9rent de conserver notre savoir-faire, dans le respect de notre culture internationale. Il est particuli\u00e8rement indiqu\u00e9 dans des situations tr\u00e8s changeantes qui demandent aux responsables de la cr\u00e9ativit\u00e9, des comp\u00e9tences pouss\u00e9es en r\u00e9solution de probl\u00e8mes ainsi qu\u2019une capacit\u00e9 \u00e0 prendre de bonnes d\u00e9cisions.<\/p>\n\n\n\n<figure class=\"wp-block-image size-large\"><img decoding=\"async\" loading=\"lazy\" width=\"797\" height=\"218\" src=\"https:\/\/mentoring-coaching.msf.org\/wp-content\/uploads\/2020\/03\/Asset-11-3.png\" alt=\"\u00e9tapes cl\u00e9 mentoring\" class=\"wp-image-2746\" srcset=\"https:\/\/mentoring-coaching.msf.org\/wp-content\/uploads\/2020\/03\/Asset-11-3.png 797w, https:\/\/mentoring-coaching.msf.org\/wp-content\/uploads\/2020\/03\/Asset-11-3-300x82.png 300w, https:\/\/mentoring-coaching.msf.org\/wp-content\/uploads\/2020\/03\/Asset-11-3-768x210.png 768w\" sizes=\"(max-width: 797px) 100vw, 797px\" \/><\/figure>\n\n\n\n<div style=\"height:35px\" aria-hidden=\"true\" class=\"wp-block-spacer\"><\/div>\n\n\n\n<h2 class=\"wp-block-heading\">Le mentorat est-il fait pour vous&nbsp;?<\/h2>\n\n\n\n<p>Si vous ressentez le besoin de d\u00e9velopper des comp\u00e9tences li\u00e9es \u00e0 votre fonction sur le terrain. Si vous voyez les feedbacks constructifs comme une occasion de d\u00e9veloppement. Si vous souhaitez \u00e9tablir une relation d&#8217;apprentissage avec une personne ayant une exp\u00e9rience dans votre fonction et qui s&#8217;engage \u00e0 partager son expertise, ses connaissances et ses comp\u00e9tences. Si vous \u00eates d\u00e9termin\u00e9.e \u00e0 prendre la t\u00eate de cette relation\u2026 alors oui, le mentorat est fait pour vous.<\/p>\n\n\n\n<div style=\"height:35px\" aria-hidden=\"true\" class=\"wp-block-spacer\"><\/div>\n\n\n\n<h2 class=\"wp-block-heading\">Comment puis-je avoir un mentor ?<\/h2>\n\n\n\n<p>Pour faire une demande de mentorat, vous pouvez <a href=\"https:\/\/mentoring-coaching.msf.org\/fr\/le-mentorat-a-msf\/contacts-et-les-outils-pour-le-mentoring\/\">contacter le r\u00e9f\u00e9rent de mentorat<\/a> aupr\u00e8s de votre centre op\u00e9rationnel ou votre DA\/CM\/pool manager. Cette demande doit \u00eatre effectu\u00e9e avant la prise de fonction.<br><\/p>\n","protected":false},"excerpt":{"rendered":"<p>Comment d\u00e9finir le mentorat La relation mentor-mentor\u00e9 est une relation primordiale fond\u00e9e sur la confiance et le respect mutuel. Les mentors aident les mentees \u00e0 s\u2019accomplir et atteindre le meilleur d\u2019eux-m\u00eames. Au travers de ces exp\u00e9riences, de nombreux mentors ont pu apprendre et progresser. Les principes cl\u00e9s des programmes de mentorat chez MSF Les diff\u00e9rents [&hellip;]<\/p>\n","protected":false},"author":6,"featured_media":0,"parent":0,"menu_order":0,"comment_status":"closed","ping_status":"closed","template":"","meta":{"_uag_custom_page_level_css":""},"yoast_head":"<!-- This site is optimized with the Yoast SEO plugin v20.8 - https:\/\/yoast.com\/wordpress\/plugins\/seo\/ -->\n<title>Le Mentorat \u00e0 MSF &ndash; MSF Mentoring &amp; Coaching Hub<\/title>\n<meta name=\"robots\" content=\"index, follow, max-snippet:-1, max-image-preview:large, max-video-preview:-1\" \/>\n<link rel=\"canonical\" href=\"https:\/\/mentoring-coaching.msf.org\/?page_id=2668&lang=fr\" \/>\n<meta property=\"og:locale\" content=\"en_US\" \/>\n<meta property=\"og:type\" content=\"article\" \/>\n<meta property=\"og:title\" content=\"Le Mentorat \u00e0 MSF &ndash; MSF Mentoring &amp; Coaching Hub\" \/>\n<meta property=\"og:description\" content=\"Comment d\u00e9finir le mentorat La relation mentor-mentor\u00e9 est une relation primordiale fond\u00e9e sur la confiance et le respect mutuel. Les mentors aident les mentees \u00e0 s\u2019accomplir et atteindre le meilleur d\u2019eux-m\u00eames. Au travers de ces exp\u00e9riences, de nombreux mentors ont pu apprendre et progresser. Les principes cl\u00e9s des programmes de mentorat chez MSF Les diff\u00e9rents [&hellip;]\" \/>\n<meta property=\"og:url\" content=\"https:\/\/mentoring-coaching.msf.org\/?page_id=2668&amp;lang=fr\" \/>\n<meta property=\"og:site_name\" content=\"MSF Mentoring &amp; Coaching Hub\" \/>\n<meta property=\"article:modified_time\" content=\"2020-03-02T14:12:18+00:00\" \/>\n<meta property=\"og:image\" content=\"https:\/\/mentoring-coaching.msf.org\/wp-content\/uploads\/2020\/03\/Asset-12-3.png\" \/>\n<meta name=\"twitter:card\" content=\"summary_large_image\" \/>\n<meta name=\"twitter:label1\" content=\"Est. reading time\" \/>\n\t<meta name=\"twitter:data1\" content=\"3 minutes\" \/>\n<script type=\"application\/ld+json\" class=\"yoast-schema-graph\">{\"@context\":\"https:\/\/schema.org\",\"@graph\":[{\"@type\":\"WebPage\",\"@id\":\"https:\/\/mentoring-coaching.msf.org\/?page_id=2668&lang=fr\",\"url\":\"https:\/\/mentoring-coaching.msf.org\/?page_id=2668&lang=fr\",\"name\":\"Le Mentorat \u00e0 MSF &ndash; MSF Mentoring &amp; Coaching Hub\",\"isPartOf\":{\"@id\":\"https:\/\/mentoring-coaching.msf.org\/#website\"},\"datePublished\":\"2020-02-27T13:22:00+00:00\",\"dateModified\":\"2020-03-02T14:12:18+00:00\",\"breadcrumb\":{\"@id\":\"https:\/\/mentoring-coaching.msf.org\/?page_id=2668&lang=fr#breadcrumb\"},\"inLanguage\":\"en-US\",\"potentialAction\":[{\"@type\":\"ReadAction\",\"target\":[\"https:\/\/mentoring-coaching.msf.org\/?page_id=2668&lang=fr\"]}]},{\"@type\":\"BreadcrumbList\",\"@id\":\"https:\/\/mentoring-coaching.msf.org\/?page_id=2668&lang=fr#breadcrumb\",\"itemListElement\":[{\"@type\":\"ListItem\",\"position\":1,\"name\":\"Home\",\"item\":\"https:\/\/mentoring-coaching.msf.org\/?lang=en\"},{\"@type\":\"ListItem\",\"position\":2,\"name\":\"Le Mentorat \u00e0 MSF\"}]},{\"@type\":\"WebSite\",\"@id\":\"https:\/\/mentoring-coaching.msf.org\/#website\",\"url\":\"https:\/\/mentoring-coaching.msf.org\/\",\"name\":\"MSF Mentoring &amp; Coaching Hub\",\"description\":\"\",\"publisher\":{\"@id\":\"https:\/\/mentoring-coaching.msf.org\/#organization\"},\"potentialAction\":[{\"@type\":\"SearchAction\",\"target\":{\"@type\":\"EntryPoint\",\"urlTemplate\":\"https:\/\/mentoring-coaching.msf.org\/?s={search_term_string}\"},\"query-input\":\"required name=search_term_string\"}],\"inLanguage\":\"en-US\"},{\"@type\":\"Organization\",\"@id\":\"https:\/\/mentoring-coaching.msf.org\/#organization\",\"name\":\"Mentoring &Coaching Hub \u2013 Doctors Without Borders\",\"url\":\"https:\/\/mentoring-coaching.msf.org\/\",\"logo\":{\"@type\":\"ImageObject\",\"inLanguage\":\"en-US\",\"@id\":\"https:\/\/mentoring-coaching.msf.org\/#\/schema\/logo\/image\/\",\"url\":\"https:\/\/mentoring-coaching.msf.org\/wp-content\/uploads\/2019\/11\/MCHub-logo-white-small-RGB.jpg\",\"contentUrl\":\"https:\/\/mentoring-coaching.msf.org\/wp-content\/uploads\/2019\/11\/MCHub-logo-white-small-RGB.jpg\",\"width\":628,\"height\":408,\"caption\":\"Mentoring &Coaching Hub \u2013 Doctors Without Borders\"},\"image\":{\"@id\":\"https:\/\/mentoring-coaching.msf.org\/#\/schema\/logo\/image\/\"}}]}<\/script>\n<!-- \/ Yoast SEO plugin. -->","yoast_head_json":{"title":"Le Mentorat \u00e0 MSF &ndash; MSF Mentoring &amp; Coaching Hub","robots":{"index":"index","follow":"follow","max-snippet":"max-snippet:-1","max-image-preview":"max-image-preview:large","max-video-preview":"max-video-preview:-1"},"canonical":"https:\/\/mentoring-coaching.msf.org\/?page_id=2668&lang=fr","og_locale":"en_US","og_type":"article","og_title":"Le Mentorat \u00e0 MSF &ndash; MSF Mentoring &amp; Coaching Hub","og_description":"Comment d\u00e9finir le mentorat La relation mentor-mentor\u00e9 est une relation primordiale fond\u00e9e sur la confiance et le respect mutuel. Les mentors aident les mentees \u00e0 s\u2019accomplir et atteindre le meilleur d\u2019eux-m\u00eames. Au travers de ces exp\u00e9riences, de nombreux mentors ont pu apprendre et progresser. Les principes cl\u00e9s des programmes de mentorat chez MSF Les diff\u00e9rents [&hellip;]","og_url":"https:\/\/mentoring-coaching.msf.org\/?page_id=2668&lang=fr","og_site_name":"MSF Mentoring &amp; Coaching Hub","article_modified_time":"2020-03-02T14:12:18+00:00","og_image":[{"url":"https:\/\/mentoring-coaching.msf.org\/wp-content\/uploads\/2020\/03\/Asset-12-3.png"}],"twitter_card":"summary_large_image","twitter_misc":{"Est. reading time":"3 minutes"},"schema":{"@context":"https:\/\/schema.org","@graph":[{"@type":"WebPage","@id":"https:\/\/mentoring-coaching.msf.org\/?page_id=2668&lang=fr","url":"https:\/\/mentoring-coaching.msf.org\/?page_id=2668&lang=fr","name":"Le Mentorat \u00e0 MSF &ndash; MSF Mentoring &amp; Coaching Hub","isPartOf":{"@id":"https:\/\/mentoring-coaching.msf.org\/#website"},"datePublished":"2020-02-27T13:22:00+00:00","dateModified":"2020-03-02T14:12:18+00:00","breadcrumb":{"@id":"https:\/\/mentoring-coaching.msf.org\/?page_id=2668&lang=fr#breadcrumb"},"inLanguage":"en-US","potentialAction":[{"@type":"ReadAction","target":["https:\/\/mentoring-coaching.msf.org\/?page_id=2668&lang=fr"]}]},{"@type":"BreadcrumbList","@id":"https:\/\/mentoring-coaching.msf.org\/?page_id=2668&lang=fr#breadcrumb","itemListElement":[{"@type":"ListItem","position":1,"name":"Home","item":"https:\/\/mentoring-coaching.msf.org\/?lang=en"},{"@type":"ListItem","position":2,"name":"Le Mentorat \u00e0 MSF"}]},{"@type":"WebSite","@id":"https:\/\/mentoring-coaching.msf.org\/#website","url":"https:\/\/mentoring-coaching.msf.org\/","name":"MSF Mentoring &amp; Coaching Hub","description":"","publisher":{"@id":"https:\/\/mentoring-coaching.msf.org\/#organization"},"potentialAction":[{"@type":"SearchAction","target":{"@type":"EntryPoint","urlTemplate":"https:\/\/mentoring-coaching.msf.org\/?s={search_term_string}"},"query-input":"required name=search_term_string"}],"inLanguage":"en-US"},{"@type":"Organization","@id":"https:\/\/mentoring-coaching.msf.org\/#organization","name":"Mentoring &Coaching Hub \u2013 Doctors Without Borders","url":"https:\/\/mentoring-coaching.msf.org\/","logo":{"@type":"ImageObject","inLanguage":"en-US","@id":"https:\/\/mentoring-coaching.msf.org\/#\/schema\/logo\/image\/","url":"https:\/\/mentoring-coaching.msf.org\/wp-content\/uploads\/2019\/11\/MCHub-logo-white-small-RGB.jpg","contentUrl":"https:\/\/mentoring-coaching.msf.org\/wp-content\/uploads\/2019\/11\/MCHub-logo-white-small-RGB.jpg","width":628,"height":408,"caption":"Mentoring &Coaching Hub \u2013 Doctors Without Borders"},"image":{"@id":"https:\/\/mentoring-coaching.msf.org\/#\/schema\/logo\/image\/"}}]}},"uagb_featured_image_src":{"full":false,"thumbnail":false,"medium":false,"medium_large":false,"large":false,"1536x1536":false,"2048x2048":false},"uagb_author_info":{"display_name":"Hossein Ghasemi","author_link":"https:\/\/mentoring-coaching.msf.org\/?author=6"},"uagb_comment_info":0,"uagb_excerpt":"Comment d\u00e9finir le mentorat La relation mentor-mentor\u00e9 est une relation primordiale fond\u00e9e sur la confiance et le respect mutuel. Les mentors aident les mentees \u00e0 s\u2019accomplir et atteindre le meilleur d\u2019eux-m\u00eames. Au travers de ces exp\u00e9riences, de nombreux mentors ont pu apprendre et progresser. Les principes cl\u00e9s des programmes de mentorat chez MSF Les diff\u00e9rents&hellip;","_links":{"self":[{"href":"https:\/\/mentoring-coaching.msf.org\/index.php?rest_route=\/wp\/v2\/pages\/2668"}],"collection":[{"href":"https:\/\/mentoring-coaching.msf.org\/index.php?rest_route=\/wp\/v2\/pages"}],"about":[{"href":"https:\/\/mentoring-coaching.msf.org\/index.php?rest_route=\/wp\/v2\/types\/page"}],"author":[{"embeddable":true,"href":"https:\/\/mentoring-coaching.msf.org\/index.php?rest_route=\/wp\/v2\/users\/6"}],"replies":[{"embeddable":true,"href":"https:\/\/mentoring-coaching.msf.org\/index.php?rest_route=%2Fwp%2Fv2%2Fcomments&post=2668"}],"version-history":[{"count":6,"href":"https:\/\/mentoring-coaching.msf.org\/index.php?rest_route=\/wp\/v2\/pages\/2668\/revisions"}],"predecessor-version":[{"id":2753,"href":"https:\/\/mentoring-coaching.msf.org\/index.php?rest_route=\/wp\/v2\/pages\/2668\/revisions\/2753"}],"wp:attachment":[{"href":"https:\/\/mentoring-coaching.msf.org\/index.php?rest_route=%2Fwp%2Fv2%2Fmedia&parent=2668"}],"curies":[{"name":"wp","href":"https:\/\/api.w.org\/{rel}","templated":true}]}}