{"id":2657,"date":"2020-02-27T12:05:09","date_gmt":"2020-02-27T12:05:09","guid":{"rendered":"https:\/\/mentoring-coaching.msf.org\/?page_id=2657"},"modified":"2026-01-23T15:10:37","modified_gmt":"2026-01-23T14:10:37","slug":"msf-mentoring-coaching-hub","status":"publish","type":"page","link":"https:\/\/mentoring-coaching.msf.org\/?lang=fr","title":{"rendered":"MSF Mentoring &#038; Coaching Hub"},"content":{"rendered":"\n<div class=\"wp-block-cover alignfull has-parallax\" style=\"min-height:440px\"><span aria-hidden=\"true\" class=\"wp-block-cover__background has-background-dim-30 has-background-dim wp-block-cover__gradient-background has-background-gradient has-very-light-gray-to-cyan-bluish-gray-gradient-background\"><\/span><div role=\"img\" class=\"wp-block-cover__image-background wp-image-2658 has-parallax\" style=\"background-position:50% 50%;background-image:url(https:\/\/mentoring-coaching.msf.org\/wp-content\/uploads\/2020\/02\/MSB13992_Medium.jpg)\"><\/div><div class=\"wp-block-cover__inner-container\">\n<p class=\"has-text-align-left has-very-dark-gray-color has-very-light-gray-background-color has-text-color has-background has-medium-font-size\"><em>Offrir du mentorat et du coaching pour soutenir les effectifs MSF \u00e0 travers le monde et ainsi am\u00e9liorer leur comp\u00e9tences en leadership personnel et professionnel<\/em>.<br><em>\u2013 Mission du Mentoring &amp; Coaching Hub<\/em><\/p>\n<\/div><\/div>\n\n\n\n<div class=\"wp-block-columns alignwide is-layout-flex wp-container-7\">\n<div class=\"wp-block-column is-layout-flow\">\n<div class=\"wp-block-buttons is-content-justification-center is-layout-flex wp-container-1\">\n<div class=\"wp-block-button\"><a class=\"wp-block-button__link has-text-color has-background wp-element-button\" href=\"https:\/\/mentoring-coaching.msf.org\/?page_id=2668&amp;lang=fr\" style=\"border-radius:11px;color:#ffffff;background:linear-gradient(135deg,rgb(238,0,0) 0%,rgb(238,0,0) 50%,rgb(238,0,0) 100%)\" rel=\"https:\/\/mentoring-coaching.msf.org\/fr\/le-mentorat-a-msf\/ noopener\">Mentoring<\/a><\/div>\n<\/div>\n<\/div>\n\n\n\n<div class=\"wp-block-column is-layout-flow\">\n<div class=\"wp-block-buttons is-content-justification-center is-layout-flex wp-container-3\">\n<div class=\"wp-block-button\"><a class=\"wp-block-button__link has-very-light-gray-color has-text-color has-background wp-element-button\" href=\"https:\/\/mentoring-coaching.msf.org\/?page_id=2684&amp;lang=fr\" style=\"border-radius:11px;background:linear-gradient(135deg,rgb(238,0,0) 2%,rgb(238,0,0) 100%)\" rel=\"https:\/\/mentoring-coaching.msf.org\/fr\/le-coaching-a-msf\/ noopener\">Coaching<\/a><\/div>\n<\/div>\n<\/div>\n\n\n\n<div class=\"wp-block-column is-layout-flow\">\n<div class=\"wp-block-buttons is-content-justification-center is-layout-flex wp-container-5\">\n<div class=\"wp-block-button\"><a class=\"wp-block-button__link has-very-light-gray-color has-text-color has-background wp-element-button\" href=\"https:\/\/mentoring-coaching.msf.org\/introduction-mentoring-coaching\/#\/\" style=\"border-radius:11px;background:linear-gradient(135deg,rgb(238,0,0) 0%,rgb(238,0,0) 100%)\" target=\"_blank\" rel=\"https:\/\/mentoring-coaching.msf.org\/en\/introduction-mentoring-coaching\/ noopener\">e-learning<\/a><\/div>\n<\/div>\n<\/div>\n<\/div>\n\n\n\n<figure class=\"wp-block-embed alignwide is-type-video is-provider-youtube wp-block-embed-youtube wp-embed-aspect-16-9 wp-has-aspect-ratio\"><div class=\"wp-block-embed__wrapper\">\n<iframe loading=\"lazy\" title=\"Mentoring vs coaching\" width=\"640\" height=\"360\" src=\"https:\/\/www.youtube.com\/embed\/4eF2zwaUpFM?start=1&#038;feature=oembed\" frameborder=\"0\" allow=\"accelerometer; autoplay; clipboard-write; encrypted-media; gyroscope; picture-in-picture; web-share\" referrerpolicy=\"strict-origin-when-cross-origin\" allowfullscreen><\/iframe>\n<\/div><\/figure>\n\n\n\n<h3 class=\"wp-block-heading\">Le mentoring et le coaching chez MSF<\/h3>\n\n\n\n<p><strong>Un apprenant au c\u0153ur de l\u2019apprentissage&nbsp;:<\/strong> notre vision est d\u2019\u00e9largir l\u2019apprentissage au sein de l\u2019organisation, en apprenant des autres membres de MSF et de l\u2019exp\u00e9rience sur le terrain. Nous nous engageons \u00e0 offrir un \u00e9ventail de possibilit\u00e9s de d\u00e9veloppement personnel, et ce, au moment le plus opportun.<\/p>\n\n\n\n<p><strong>Une envergure intersectionnelle&nbsp;:<\/strong> nous aidons tous les centres op\u00e9rationnels \u00e0 proposer du mentoring, du coaching individuel ainsi que du coaching d\u2019\u00e9quipe. Nous mutualisons les moyens, centralisons les connaissances et facilitons la d\u00e9centralisation de cette offre.<\/p>\n\n\n\n<p><strong>Un d\u00e9veloppement des ressources humaines&nbsp;:<\/strong> nous voulons soutenir les RH dans leur r\u00f4le strat\u00e9gique. Ce d\u00e9veloppement professionnel et acad\u00e9mique am\u00e9liore, \u00e0 terme, nos activit\u00e9s m\u00e9dicales sur le terrain.<\/p>\n","protected":false},"excerpt":{"rendered":"<p>Le mentoring et le coaching chez MSF Un apprenant au c\u0153ur de l\u2019apprentissage&nbsp;: notre vision est d\u2019\u00e9largir l\u2019apprentissage au sein de l\u2019organisation, en apprenant des autres membres de MSF et de l\u2019exp\u00e9rience sur le terrain. Nous nous engageons \u00e0 offrir un \u00e9ventail de possibilit\u00e9s de d\u00e9veloppement personnel, et ce, au moment le plus opportun. Une [&hellip;]<\/p>\n","protected":false},"author":6,"featured_media":0,"parent":0,"menu_order":0,"comment_status":"closed","ping_status":"closed","template":"","meta":{"_uag_custom_page_level_css":""},"yoast_head":"<!-- This site is optimized with the Yoast SEO plugin v20.8 - https:\/\/yoast.com\/wordpress\/plugins\/seo\/ -->\n<title>MSF Mentoring &amp; Coaching Hub &ndash; MSF Mentoring &amp; Coaching Hub<\/title>\n<meta name=\"description\" content=\"Mentoring et coaching \u00e0 MSF. Notre objectif est de soutenir les projets MSF avec le mentoring et le coaching des \u00e9quipes et ainsi am\u00e9liorer leurs comp\u00e9tences en leadership personnel et professionnel.\" \/>\n<meta name=\"robots\" content=\"index, follow, max-snippet:-1, max-image-preview:large, max-video-preview:-1\" \/>\n<link rel=\"canonical\" href=\"https:\/\/mentoring-coaching.msf.org\/?lang=fr\" \/>\n<meta property=\"og:locale\" content=\"en_US\" \/>\n<meta property=\"og:type\" content=\"article\" \/>\n<meta property=\"og:title\" content=\"MSF Mentoring &amp; Coaching Hub &ndash; MSF Mentoring &amp; Coaching Hub\" \/>\n<meta property=\"og:description\" content=\"Mentoring et coaching \u00e0 MSF. Notre objectif est de soutenir les projets MSF avec le mentoring et le coaching des \u00e9quipes et ainsi am\u00e9liorer leurs comp\u00e9tences en leadership personnel et professionnel.\" \/>\n<meta property=\"og:url\" content=\"https:\/\/mentoring-coaching.msf.org\/?lang=fr\" \/>\n<meta property=\"og:site_name\" content=\"MSF Mentoring &amp; Coaching Hub\" \/>\n<meta property=\"article:modified_time\" content=\"2026-01-23T14:10:37+00:00\" \/>\n<meta name=\"twitter:card\" content=\"summary_large_image\" \/>\n<meta name=\"twitter:label1\" content=\"Est. reading time\" \/>\n\t<meta name=\"twitter:data1\" content=\"1 minute\" \/>\n<script type=\"application\/ld+json\" class=\"yoast-schema-graph\">{\"@context\":\"https:\/\/schema.org\",\"@graph\":[{\"@type\":\"WebPage\",\"@id\":\"https:\/\/mentoring-coaching.msf.org\/?lang=fr\",\"url\":\"https:\/\/mentoring-coaching.msf.org\/?lang=fr\",\"name\":\"MSF Mentoring & Coaching Hub &ndash; MSF Mentoring &amp; Coaching Hub\",\"isPartOf\":{\"@id\":\"https:\/\/mentoring-coaching.msf.org\/#website\"},\"datePublished\":\"2020-02-27T12:05:09+00:00\",\"dateModified\":\"2026-01-23T14:10:37+00:00\",\"description\":\"Mentoring et coaching \u00e0 MSF. Notre objectif est de soutenir les projets MSF avec le mentoring et le coaching des \u00e9quipes et ainsi am\u00e9liorer leurs comp\u00e9tences en leadership personnel et professionnel.\",\"breadcrumb\":{\"@id\":\"https:\/\/mentoring-coaching.msf.org\/?lang=fr#breadcrumb\"},\"inLanguage\":\"en-US\",\"potentialAction\":[{\"@type\":\"ReadAction\",\"target\":[\"https:\/\/mentoring-coaching.msf.org\/?lang=fr\"]}]},{\"@type\":\"BreadcrumbList\",\"@id\":\"https:\/\/mentoring-coaching.msf.org\/?lang=fr#breadcrumb\",\"itemListElement\":[{\"@type\":\"ListItem\",\"position\":1,\"name\":\"Home\",\"item\":\"https:\/\/mentoring-coaching.msf.org\/?lang=en\"},{\"@type\":\"ListItem\",\"position\":2,\"name\":\"MSF Mentoring &#038; Coaching Hub\"}]},{\"@type\":\"WebSite\",\"@id\":\"https:\/\/mentoring-coaching.msf.org\/#website\",\"url\":\"https:\/\/mentoring-coaching.msf.org\/\",\"name\":\"MSF Mentoring &amp; Coaching Hub\",\"description\":\"\",\"publisher\":{\"@id\":\"https:\/\/mentoring-coaching.msf.org\/#organization\"},\"potentialAction\":[{\"@type\":\"SearchAction\",\"target\":{\"@type\":\"EntryPoint\",\"urlTemplate\":\"https:\/\/mentoring-coaching.msf.org\/?s={search_term_string}\"},\"query-input\":\"required name=search_term_string\"}],\"inLanguage\":\"en-US\"},{\"@type\":\"Organization\",\"@id\":\"https:\/\/mentoring-coaching.msf.org\/#organization\",\"name\":\"Mentoring &Coaching Hub \u2013 Doctors Without Borders\",\"url\":\"https:\/\/mentoring-coaching.msf.org\/\",\"logo\":{\"@type\":\"ImageObject\",\"inLanguage\":\"en-US\",\"@id\":\"https:\/\/mentoring-coaching.msf.org\/#\/schema\/logo\/image\/\",\"url\":\"https:\/\/mentoring-coaching.msf.org\/wp-content\/uploads\/2019\/11\/MCHub-logo-white-small-RGB.jpg\",\"contentUrl\":\"https:\/\/mentoring-coaching.msf.org\/wp-content\/uploads\/2019\/11\/MCHub-logo-white-small-RGB.jpg\",\"width\":628,\"height\":408,\"caption\":\"Mentoring &Coaching Hub \u2013 Doctors Without Borders\"},\"image\":{\"@id\":\"https:\/\/mentoring-coaching.msf.org\/#\/schema\/logo\/image\/\"}}]}<\/script>\n<!-- \/ Yoast SEO plugin. -->","yoast_head_json":{"title":"MSF Mentoring & Coaching Hub &ndash; MSF Mentoring &amp; Coaching Hub","description":"Mentoring et coaching \u00e0 MSF. Notre objectif est de soutenir les projets MSF avec le mentoring et le coaching des \u00e9quipes et ainsi am\u00e9liorer leurs comp\u00e9tences en leadership personnel et professionnel.","robots":{"index":"index","follow":"follow","max-snippet":"max-snippet:-1","max-image-preview":"max-image-preview:large","max-video-preview":"max-video-preview:-1"},"canonical":"https:\/\/mentoring-coaching.msf.org\/?lang=fr","og_locale":"en_US","og_type":"article","og_title":"MSF Mentoring & Coaching Hub &ndash; MSF Mentoring &amp; Coaching Hub","og_description":"Mentoring et coaching \u00e0 MSF. Notre objectif est de soutenir les projets MSF avec le mentoring et le coaching des \u00e9quipes et ainsi am\u00e9liorer leurs comp\u00e9tences en leadership personnel et professionnel.","og_url":"https:\/\/mentoring-coaching.msf.org\/?lang=fr","og_site_name":"MSF Mentoring &amp; Coaching Hub","article_modified_time":"2026-01-23T14:10:37+00:00","twitter_card":"summary_large_image","twitter_misc":{"Est. reading time":"1 minute"},"schema":{"@context":"https:\/\/schema.org","@graph":[{"@type":"WebPage","@id":"https:\/\/mentoring-coaching.msf.org\/?lang=fr","url":"https:\/\/mentoring-coaching.msf.org\/?lang=fr","name":"MSF Mentoring & Coaching Hub &ndash; MSF Mentoring &amp; Coaching Hub","isPartOf":{"@id":"https:\/\/mentoring-coaching.msf.org\/#website"},"datePublished":"2020-02-27T12:05:09+00:00","dateModified":"2026-01-23T14:10:37+00:00","description":"Mentoring et coaching \u00e0 MSF. Notre objectif est de soutenir les projets MSF avec le mentoring et le coaching des \u00e9quipes et ainsi am\u00e9liorer leurs comp\u00e9tences en leadership personnel et professionnel.","breadcrumb":{"@id":"https:\/\/mentoring-coaching.msf.org\/?lang=fr#breadcrumb"},"inLanguage":"en-US","potentialAction":[{"@type":"ReadAction","target":["https:\/\/mentoring-coaching.msf.org\/?lang=fr"]}]},{"@type":"BreadcrumbList","@id":"https:\/\/mentoring-coaching.msf.org\/?lang=fr#breadcrumb","itemListElement":[{"@type":"ListItem","position":1,"name":"Home","item":"https:\/\/mentoring-coaching.msf.org\/?lang=en"},{"@type":"ListItem","position":2,"name":"MSF Mentoring &#038; Coaching Hub"}]},{"@type":"WebSite","@id":"https:\/\/mentoring-coaching.msf.org\/#website","url":"https:\/\/mentoring-coaching.msf.org\/","name":"MSF Mentoring &amp; Coaching Hub","description":"","publisher":{"@id":"https:\/\/mentoring-coaching.msf.org\/#organization"},"potentialAction":[{"@type":"SearchAction","target":{"@type":"EntryPoint","urlTemplate":"https:\/\/mentoring-coaching.msf.org\/?s={search_term_string}"},"query-input":"required name=search_term_string"}],"inLanguage":"en-US"},{"@type":"Organization","@id":"https:\/\/mentoring-coaching.msf.org\/#organization","name":"Mentoring &Coaching Hub \u2013 Doctors Without Borders","url":"https:\/\/mentoring-coaching.msf.org\/","logo":{"@type":"ImageObject","inLanguage":"en-US","@id":"https:\/\/mentoring-coaching.msf.org\/#\/schema\/logo\/image\/","url":"https:\/\/mentoring-coaching.msf.org\/wp-content\/uploads\/2019\/11\/MCHub-logo-white-small-RGB.jpg","contentUrl":"https:\/\/mentoring-coaching.msf.org\/wp-content\/uploads\/2019\/11\/MCHub-logo-white-small-RGB.jpg","width":628,"height":408,"caption":"Mentoring &Coaching Hub \u2013 Doctors Without Borders"},"image":{"@id":"https:\/\/mentoring-coaching.msf.org\/#\/schema\/logo\/image\/"}}]}},"uagb_featured_image_src":{"full":false,"thumbnail":false,"medium":false,"medium_large":false,"large":false,"1536x1536":false,"2048x2048":false},"uagb_author_info":{"display_name":"Hossein Ghasemi","author_link":"https:\/\/mentoring-coaching.msf.org\/?author=6"},"uagb_comment_info":0,"uagb_excerpt":"Le mentoring et le coaching chez MSF Un apprenant au c\u0153ur de l\u2019apprentissage&nbsp;: notre vision est d\u2019\u00e9largir l\u2019apprentissage au sein de l\u2019organisation, en apprenant des autres membres de MSF et de l\u2019exp\u00e9rience sur le terrain. Nous nous engageons \u00e0 offrir un \u00e9ventail de possibilit\u00e9s de d\u00e9veloppement personnel, et ce, au moment le plus opportun. Une&hellip;","_links":{"self":[{"href":"https:\/\/mentoring-coaching.msf.org\/index.php?rest_route=\/wp\/v2\/pages\/2657"}],"collection":[{"href":"https:\/\/mentoring-coaching.msf.org\/index.php?rest_route=\/wp\/v2\/pages"}],"about":[{"href":"https:\/\/mentoring-coaching.msf.org\/index.php?rest_route=\/wp\/v2\/types\/page"}],"author":[{"embeddable":true,"href":"https:\/\/mentoring-coaching.msf.org\/index.php?rest_route=\/wp\/v2\/users\/6"}],"replies":[{"embeddable":true,"href":"https:\/\/mentoring-coaching.msf.org\/index.php?rest_route=%2Fwp%2Fv2%2Fcomments&post=2657"}],"version-history":[{"count":11,"href":"https:\/\/mentoring-coaching.msf.org\/index.php?rest_route=\/wp\/v2\/pages\/2657\/revisions"}],"predecessor-version":[{"id":4664,"href":"https:\/\/mentoring-coaching.msf.org\/index.php?rest_route=\/wp\/v2\/pages\/2657\/revisions\/4664"}],"wp:attachment":[{"href":"https:\/\/mentoring-coaching.msf.org\/index.php?rest_route=%2Fwp%2Fv2%2Fmedia&parent=2657"}],"curies":[{"name":"wp","href":"https:\/\/api.w.org\/{rel}","templated":true}]}}