{"id":2554,"date":"2020-02-19T09:49:50","date_gmt":"2020-02-19T09:49:50","guid":{"rendered":"https:\/\/mentoring-coaching.msf.org\/?page_id=2554"},"modified":"2026-01-23T15:12:38","modified_gmt":"2026-01-23T14:12:38","slug":"msfo-mentoringo-coachingo-hub","status":"publish","type":"page","link":"https:\/\/mentoring-coaching.msf.org\/?lang=es","title":{"rendered":"MSF Mentoring &amp; Coaching Hub"},"content":{"rendered":"\n<div class=\"wp-block-cover alignfull has-parallax\" style=\"min-height:440px\"><span aria-hidden=\"true\" class=\"wp-block-cover__background has-background-dim-30 has-background-dim wp-block-cover__gradient-background has-background-gradient\" style=\"background:linear-gradient(135deg,rgb(238,238,238) 0%,rgb(169,184,195) 100%)\"><\/span><div role=\"img\" class=\"wp-block-cover__image-background wp-image-15 has-parallax\" style=\"background-position:50% 58%;background-image:url(https:\/\/mentoring-coaching.msf.org\/wp-content\/uploads\/2019\/10\/phil-moore-photograph-banner.jpg)\"><\/div><div class=\"wp-block-cover__inner-container\">\n<p class=\"has-very-dark-gray-color has-very-light-gray-background-color has-text-color has-background has-medium-font-size\"><em><em>Apoyar la forza laboral de MSF en todo el mundo ofreciendo mentoring y coaching al personal de la organizaci\u00f3n en todo el mundo, mejorando su liderazgo personal y profesional.<\/em><br><\/em>\u2013 Declaraci\u00f3n del Mentoring &amp; Coaching Hub<\/p>\n<\/div><\/div>\n\n\n\n<div class=\"wp-block-group alignwide is-layout-flow\"><div class=\"wp-block-group__inner-container\">\n<div class=\"wp-block-columns alignwide are-vertically-aligned-center is-layout-flex wp-container-4\">\n<div class=\"wp-block-column is-vertically-aligned-center is-layout-flow\">\n<div class=\"wp-block-button is-style-fill aligncenter\"><a class=\"wp-block-button__link has-text-color has-background wp-element-button\" href=\"https:\/\/mentoring-coaching.msf.org\/?page_id=2540&amp;lang=es\" style=\"border-radius:11px;color:#ffffff;background-color:#ef0000\">Mentoring<\/a><\/div>\n<\/div>\n\n\n\n<div class=\"wp-block-column is-vertically-aligned-center is-layout-flow\">\n<div class=\"wp-block-button is-style-fill aligncenter\"><a class=\"wp-block-button__link has-text-color has-background wp-element-button\" href=\"https:\/\/mentoring-coaching.msf.org\/?page_id=2511&amp;lang=es\" style=\"border-radius:11px;color:#ffffff;background-color:#ef0000\">Coaching<\/a><\/div>\n<\/div>\n\n\n\n<div class=\"wp-block-column is-layout-flow\">\n<div class=\"wp-block-button is-style-fill aligncenter\"><a class=\"wp-block-button__link has-background wp-element-button\" href=\"https:\/\/mentoring-coaching.msf.org\/introduction-mentoring-coaching\/#\/\" style=\"border-radius:11px;background-color:#ef0000\" target=\"_blank\" rel=\"noreferrer noopener\">Online cours<\/a><\/div>\n<\/div>\n<\/div>\n<\/div><\/div>\n\n\n\n<figure class=\"wp-block-embed alignwide is-type-video is-provider-youtube wp-block-embed-youtube wp-embed-aspect-16-9 wp-has-aspect-ratio\"><div class=\"wp-block-embed__wrapper\">\n<iframe loading=\"lazy\" title=\"Mentoring vs coaching\" width=\"640\" height=\"360\" src=\"https:\/\/www.youtube.com\/embed\/4eF2zwaUpFM?feature=oembed\" frameborder=\"0\" allow=\"accelerometer; autoplay; clipboard-write; encrypted-media; gyroscope; picture-in-picture; web-share\" referrerpolicy=\"strict-origin-when-cross-origin\" allowfullscreen><\/iframe>\n<\/div><\/figure>\n\n\n\n<div style=\"height:20px\" aria-hidden=\"true\" class=\"wp-block-spacer\"><\/div>\n\n\n\n<h3 class=\"wp-block-heading has-red-color has-text-color\">Mentoring &amp; Coaching en M\u00e9dicos Sin Fronteras<\/h3>\n\n\n\n<p><strong><strong>Alumno en el centro<\/strong>:<\/strong> nuestra visi\u00f3n es expandir el espacio que tiene el aprendizaje de otros en la organizaci\u00f3n. Nuestro objetivo es ofrecer una variedad de oportunidades cuando y donde m\u00e1s nos necesitan.<\/p>\n\n\n\n<p><strong><strong>Dimensi\u00f3n interseccional:&nbsp;<\/strong><\/strong>damos apoyo a todos los centros operacionales para que lleven a cabo mentoring, coaching individual y coaching de equipos. Mutualizamos recursos, centralizamos el conocimiento y&nbsp;acompa\u00f1amos&nbsp;la oferta descentralizada.<\/p>\n\n\n\n<p><strong><strong>Desarrollo de Recursos Humanos<\/strong>:<\/strong>&nbsp;Queremos ayudar a los recursos humanos (RH) en su rol m\u00e1s estrat\u00e9gico. El desarrollo es un campo profesional y acad\u00e9mico que en \u00faltima instancia impacte la calidad de nuestras actividades m\u00e9dicas en el terreno.<\/p>\n","protected":false},"excerpt":{"rendered":"<p>Mentoring &amp; Coaching en M\u00e9dicos Sin Fronteras Alumno en el centro: nuestra visi\u00f3n es expandir el espacio que tiene el aprendizaje de otros en la organizaci\u00f3n. Nuestro objetivo es ofrecer una variedad de oportunidades cuando y donde m\u00e1s nos necesitan. Dimensi\u00f3n interseccional:&nbsp;damos apoyo a todos los centros operacionales para que lleven a cabo mentoring, coaching [&hellip;]<\/p>\n","protected":false},"author":6,"featured_media":0,"parent":0,"menu_order":0,"comment_status":"closed","ping_status":"closed","template":"","meta":{"_uag_custom_page_level_css":""},"yoast_head":"<!-- This site is optimized with the Yoast SEO plugin v20.8 - https:\/\/yoast.com\/wordpress\/plugins\/seo\/ -->\n<title>MSF Mentoring &amp; Coaching Hub &ndash; MSF Mentoring &amp; Coaching Hub<\/title>\n<meta name=\"robots\" content=\"index, follow, max-snippet:-1, max-image-preview:large, max-video-preview:-1\" \/>\n<link rel=\"canonical\" href=\"https:\/\/mentoring-coaching.msf.org\/?lang=es\" \/>\n<meta property=\"og:locale\" content=\"en_US\" \/>\n<meta property=\"og:type\" content=\"article\" \/>\n<meta property=\"og:title\" content=\"MSF Mentoring &amp; Coaching Hub &ndash; MSF Mentoring &amp; Coaching Hub\" \/>\n<meta property=\"og:description\" content=\"Mentoring &amp; Coaching en M\u00e9dicos Sin Fronteras Alumno en el centro: nuestra visi\u00f3n es expandir el espacio que tiene el aprendizaje de otros en la organizaci\u00f3n. Nuestro objetivo es ofrecer una variedad de oportunidades cuando y donde m\u00e1s nos necesitan. Dimensi\u00f3n interseccional:&nbsp;damos apoyo a todos los centros operacionales para que lleven a cabo mentoring, coaching [&hellip;]\" \/>\n<meta property=\"og:url\" content=\"https:\/\/mentoring-coaching.msf.org\/?lang=es\" \/>\n<meta property=\"og:site_name\" content=\"MSF Mentoring &amp; Coaching Hub\" \/>\n<meta property=\"article:modified_time\" content=\"2026-01-23T14:12:38+00:00\" \/>\n<meta name=\"twitter:card\" content=\"summary_large_image\" \/>\n<meta name=\"twitter:label1\" content=\"Est. reading time\" \/>\n\t<meta name=\"twitter:data1\" content=\"1 minute\" \/>\n<script type=\"application\/ld+json\" class=\"yoast-schema-graph\">{\"@context\":\"https:\/\/schema.org\",\"@graph\":[{\"@type\":\"WebPage\",\"@id\":\"https:\/\/mentoring-coaching.msf.org\/?lang=es\",\"url\":\"https:\/\/mentoring-coaching.msf.org\/?lang=es\",\"name\":\"MSF Mentoring &amp; Coaching Hub &ndash; MSF Mentoring &amp; Coaching Hub\",\"isPartOf\":{\"@id\":\"https:\/\/mentoring-coaching.msf.org\/#website\"},\"datePublished\":\"2020-02-19T09:49:50+00:00\",\"dateModified\":\"2026-01-23T14:12:38+00:00\",\"breadcrumb\":{\"@id\":\"https:\/\/mentoring-coaching.msf.org\/?lang=es#breadcrumb\"},\"inLanguage\":\"en-US\",\"potentialAction\":[{\"@type\":\"ReadAction\",\"target\":[\"https:\/\/mentoring-coaching.msf.org\/?lang=es\"]}]},{\"@type\":\"BreadcrumbList\",\"@id\":\"https:\/\/mentoring-coaching.msf.org\/?lang=es#breadcrumb\",\"itemListElement\":[{\"@type\":\"ListItem\",\"position\":1,\"name\":\"Home\",\"item\":\"https:\/\/mentoring-coaching.msf.org\/?lang=en\"},{\"@type\":\"ListItem\",\"position\":2,\"name\":\"MSF Mentoring &amp; Coaching Hub\"}]},{\"@type\":\"WebSite\",\"@id\":\"https:\/\/mentoring-coaching.msf.org\/#website\",\"url\":\"https:\/\/mentoring-coaching.msf.org\/\",\"name\":\"MSF Mentoring &amp; Coaching Hub\",\"description\":\"\",\"publisher\":{\"@id\":\"https:\/\/mentoring-coaching.msf.org\/#organization\"},\"potentialAction\":[{\"@type\":\"SearchAction\",\"target\":{\"@type\":\"EntryPoint\",\"urlTemplate\":\"https:\/\/mentoring-coaching.msf.org\/?s={search_term_string}\"},\"query-input\":\"required name=search_term_string\"}],\"inLanguage\":\"en-US\"},{\"@type\":\"Organization\",\"@id\":\"https:\/\/mentoring-coaching.msf.org\/#organization\",\"name\":\"Mentoring &Coaching Hub \u2013 Doctors Without Borders\",\"url\":\"https:\/\/mentoring-coaching.msf.org\/\",\"logo\":{\"@type\":\"ImageObject\",\"inLanguage\":\"en-US\",\"@id\":\"https:\/\/mentoring-coaching.msf.org\/#\/schema\/logo\/image\/\",\"url\":\"https:\/\/mentoring-coaching.msf.org\/wp-content\/uploads\/2019\/11\/MCHub-logo-white-small-RGB.jpg\",\"contentUrl\":\"https:\/\/mentoring-coaching.msf.org\/wp-content\/uploads\/2019\/11\/MCHub-logo-white-small-RGB.jpg\",\"width\":628,\"height\":408,\"caption\":\"Mentoring &Coaching Hub \u2013 Doctors Without Borders\"},\"image\":{\"@id\":\"https:\/\/mentoring-coaching.msf.org\/#\/schema\/logo\/image\/\"}}]}<\/script>\n<!-- \/ Yoast SEO plugin. -->","yoast_head_json":{"title":"MSF Mentoring &amp; Coaching Hub &ndash; MSF Mentoring &amp; Coaching Hub","robots":{"index":"index","follow":"follow","max-snippet":"max-snippet:-1","max-image-preview":"max-image-preview:large","max-video-preview":"max-video-preview:-1"},"canonical":"https:\/\/mentoring-coaching.msf.org\/?lang=es","og_locale":"en_US","og_type":"article","og_title":"MSF Mentoring &amp; Coaching Hub &ndash; MSF Mentoring &amp; Coaching Hub","og_description":"Mentoring &amp; Coaching en M\u00e9dicos Sin Fronteras Alumno en el centro: nuestra visi\u00f3n es expandir el espacio que tiene el aprendizaje de otros en la organizaci\u00f3n. Nuestro objetivo es ofrecer una variedad de oportunidades cuando y donde m\u00e1s nos necesitan. Dimensi\u00f3n interseccional:&nbsp;damos apoyo a todos los centros operacionales para que lleven a cabo mentoring, coaching [&hellip;]","og_url":"https:\/\/mentoring-coaching.msf.org\/?lang=es","og_site_name":"MSF Mentoring &amp; Coaching Hub","article_modified_time":"2026-01-23T14:12:38+00:00","twitter_card":"summary_large_image","twitter_misc":{"Est. reading time":"1 minute"},"schema":{"@context":"https:\/\/schema.org","@graph":[{"@type":"WebPage","@id":"https:\/\/mentoring-coaching.msf.org\/?lang=es","url":"https:\/\/mentoring-coaching.msf.org\/?lang=es","name":"MSF Mentoring &amp; Coaching Hub &ndash; MSF Mentoring &amp; Coaching Hub","isPartOf":{"@id":"https:\/\/mentoring-coaching.msf.org\/#website"},"datePublished":"2020-02-19T09:49:50+00:00","dateModified":"2026-01-23T14:12:38+00:00","breadcrumb":{"@id":"https:\/\/mentoring-coaching.msf.org\/?lang=es#breadcrumb"},"inLanguage":"en-US","potentialAction":[{"@type":"ReadAction","target":["https:\/\/mentoring-coaching.msf.org\/?lang=es"]}]},{"@type":"BreadcrumbList","@id":"https:\/\/mentoring-coaching.msf.org\/?lang=es#breadcrumb","itemListElement":[{"@type":"ListItem","position":1,"name":"Home","item":"https:\/\/mentoring-coaching.msf.org\/?lang=en"},{"@type":"ListItem","position":2,"name":"MSF Mentoring &amp; Coaching Hub"}]},{"@type":"WebSite","@id":"https:\/\/mentoring-coaching.msf.org\/#website","url":"https:\/\/mentoring-coaching.msf.org\/","name":"MSF Mentoring &amp; Coaching Hub","description":"","publisher":{"@id":"https:\/\/mentoring-coaching.msf.org\/#organization"},"potentialAction":[{"@type":"SearchAction","target":{"@type":"EntryPoint","urlTemplate":"https:\/\/mentoring-coaching.msf.org\/?s={search_term_string}"},"query-input":"required name=search_term_string"}],"inLanguage":"en-US"},{"@type":"Organization","@id":"https:\/\/mentoring-coaching.msf.org\/#organization","name":"Mentoring &Coaching Hub \u2013 Doctors Without Borders","url":"https:\/\/mentoring-coaching.msf.org\/","logo":{"@type":"ImageObject","inLanguage":"en-US","@id":"https:\/\/mentoring-coaching.msf.org\/#\/schema\/logo\/image\/","url":"https:\/\/mentoring-coaching.msf.org\/wp-content\/uploads\/2019\/11\/MCHub-logo-white-small-RGB.jpg","contentUrl":"https:\/\/mentoring-coaching.msf.org\/wp-content\/uploads\/2019\/11\/MCHub-logo-white-small-RGB.jpg","width":628,"height":408,"caption":"Mentoring &Coaching Hub \u2013 Doctors Without Borders"},"image":{"@id":"https:\/\/mentoring-coaching.msf.org\/#\/schema\/logo\/image\/"}}]}},"uagb_featured_image_src":{"full":false,"thumbnail":false,"medium":false,"medium_large":false,"large":false,"1536x1536":false,"2048x2048":false},"uagb_author_info":{"display_name":"Hossein Ghasemi","author_link":"https:\/\/mentoring-coaching.msf.org\/?author=6"},"uagb_comment_info":0,"uagb_excerpt":"Mentoring &amp; Coaching en M\u00e9dicos Sin Fronteras Alumno en el centro: nuestra visi\u00f3n es expandir el espacio que tiene el aprendizaje de otros en la organizaci\u00f3n. Nuestro objetivo es ofrecer una variedad de oportunidades cuando y donde m\u00e1s nos necesitan. Dimensi\u00f3n interseccional:&nbsp;damos apoyo a todos los centros operacionales para que lleven a cabo mentoring, coaching&hellip;","_links":{"self":[{"href":"https:\/\/mentoring-coaching.msf.org\/index.php?rest_route=\/wp\/v2\/pages\/2554"}],"collection":[{"href":"https:\/\/mentoring-coaching.msf.org\/index.php?rest_route=\/wp\/v2\/pages"}],"about":[{"href":"https:\/\/mentoring-coaching.msf.org\/index.php?rest_route=\/wp\/v2\/types\/page"}],"author":[{"embeddable":true,"href":"https:\/\/mentoring-coaching.msf.org\/index.php?rest_route=\/wp\/v2\/users\/6"}],"replies":[{"embeddable":true,"href":"https:\/\/mentoring-coaching.msf.org\/index.php?rest_route=%2Fwp%2Fv2%2Fcomments&post=2554"}],"version-history":[{"count":9,"href":"https:\/\/mentoring-coaching.msf.org\/index.php?rest_route=\/wp\/v2\/pages\/2554\/revisions"}],"predecessor-version":[{"id":4666,"href":"https:\/\/mentoring-coaching.msf.org\/index.php?rest_route=\/wp\/v2\/pages\/2554\/revisions\/4666"}],"wp:attachment":[{"href":"https:\/\/mentoring-coaching.msf.org\/index.php?rest_route=%2Fwp%2Fv2%2Fmedia&parent=2554"}],"curies":[{"name":"wp","href":"https:\/\/api.w.org\/{rel}","templated":true}]}}