{"id":2514,"date":"2020-02-17T15:31:53","date_gmt":"2020-02-17T15:31:53","guid":{"rendered":"https:\/\/mentoring-coaching.msf.org\/?page_id=2514"},"modified":"2020-08-25T14:48:58","modified_gmt":"2020-08-25T14:48:58","slug":"coaching-individual","status":"publish","type":"page","link":"https:\/\/mentoring-coaching.msf.org\/?page_id=2514&lang=es","title":{"rendered":"Coaching individual"},"content":{"rendered":"\n<figure class=\"wp-block-embed-youtube alignwide wp-block-embed is-type-video is-provider-youtube wp-embed-aspect-16-9 wp-has-aspect-ratio\"><div class=\"wp-block-embed__wrapper\">\n<iframe loading=\"lazy\" title=\"Individual Coaching in MSF - T\u00e9moignage from a coachee\" width=\"640\" height=\"360\" src=\"https:\/\/www.youtube.com\/embed\/dVhgd5yV4Q0?feature=oembed\" frameborder=\"0\" allow=\"accelerometer; autoplay; encrypted-media; gyroscope; picture-in-picture\" allowfullscreen><\/iframe>\n<\/div><\/figure>\n\n\n\n<div class=\"wp-block-group\"><div class=\"wp-block-group__inner-container is-layout-flow\">\n<p>El coaching individual te ayuda a lograr metas relacionadas con el desarrollo y rendimiento profesional a la vez que se enfocan en la persona.<\/p>\n\n\n\n<p>Ejemplos de objetivos de coaching individual :<\/p>\n\n\n\n<ul><li>Necesidad por un crecimiento o desarrollo personal (por ejemplo, en liderazgo o gesti\u00f3n),<\/li><li>Empleabilidad \/ opciones o cambios de carrera,<\/li><li>Soporte en la gesti\u00f3n y priorizaci\u00f3n de la carga de trabajo,<\/li><li>Mejorar tu estilo de comunicaci\u00f3n.<\/li><\/ul>\n<\/div><\/div>\n\n\n\n<figure class=\"wp-block-pullquote\" style=\"border-color:#ee0000\"><blockquote><p><em><strong>Construyendo la claridad y la confianza<\/strong><\/em><\/p><\/blockquote><\/figure>\n\n\n\n<div class=\"wp-block-group alignwide\"><div class=\"wp-block-group__inner-container is-layout-flow\">\n<section class=\"wp-block-uagb-columns uagb-columns__wrap uagb-columns__background-color uagb-columns__stack-mobile uagb-columns__valign-undefined uagb-columns__gap-20 alignwide uagb-block-5891d9c0-423e-483f-9d80-fd2935382368\"><div class=\"uagb-columns__overlay\"><\/div><div class=\"uagb-columns__inner-wrap uagb-columns__columns-2\">\n<div class=\"wp-block-uagb-column uagb-column__wrap uagb-column__background-color uagb-block-c69fb4b9-fa8e-4bd7-920b-28471cc722c6\"><div class=\"uagb-column__overlay\"><\/div><div class=\"uagb-column__inner-wrap\">\n<p><strong>\u00bfC\u00d3MO FUNCIONA?<\/strong><\/p>\n\n\n\n<p>Una vez que tu Centro Operacional valida la solicitud para el coaching, el Mentoring &amp; Coaching Hub se comunicar\u00e1 contigo para realizar una evaluaci\u00f3n detallada de las necesidades existentes. En este punto, te ayudaremos a establecer objetivos claros para la relaci\u00f3n de formaci\u00f3n individual que tendr\u00e1s con tu mentor.<\/p>\n\n\n\n<p>El siguiente paso es encontrarte una pareja. Tendr\u00e1s una reuni\u00f3n con un posible mentor, en la que ambos tendr\u00e1n la oportunidad de ver si la din\u00e1mica es buena. Si no, se propondr\u00e1 otro mentor.<\/p>\n\n\n\n<p>Un coaching normal suele durar entre 45 y 60 minutos, y se realiza v\u00eda Skype o en persona. Est\u00e1 relaci\u00f3n tiene una duracion de 8-10 sesiones durante un periodo 3 y 9 meses. Tendr\u00e1s la oportunidad de reformular tus objetivos a lo largo del camino.<\/p>\n\n\n\n<p>Las sesiones son totalmente confidenciales.<\/p>\n<\/div><\/div>\n\n\n\n<div class=\"wp-block-uagb-column uagb-column__wrap uagb-column__background-color uagb-block-425c130e-df73-4c7a-ab45-8bb69b8e8a5f\"><div class=\"uagb-column__overlay\"><\/div><div class=\"uagb-column__inner-wrap\">\n<p><strong>\u00bfPARA QUI\u00c9NES SON?<\/strong><\/p>\n\n\n\n<ul><li>El coaching individual se ofrece tanto al personal de terreno como al personal de las oficinas.<\/li><li>La priorizaci\u00f3n  es decidida por cada Centro Operacional.<\/li><li>El Mentoring &amp; Coaching Hub ha entrenado y supervisa a un pool interseccional de coaches internos con una extensa experiencia MSF.<\/li><\/ul>\n\n\n\n<p>Para solicitar una formaci\u00f3n individual por favor contacta <a href=\"https:\/\/mentoring-coaching.msf.org\/es\/coaching-en-msf\/coaching-contactos\/\">al punto focal de tu Centro Operacional<\/a>, y para cualquier duda general comun\u00edcate con el <a href=\"https:\/\/mentoring-coaching.msf.org\/es\/coaching-en-msf\/coaching-contactos\/\">Mentoring &amp; Coaching Hub<\/a>.<\/p>\n<\/div><\/div>\n<\/div><\/section>\n<\/div><\/div>\n","protected":false},"excerpt":{"rendered":"<p>El coaching individual te ayuda a lograr metas relacionadas con el desarrollo y rendimiento profesional a la vez que se enfocan en la persona. Ejemplos de objetivos de coaching individual : Necesidad por un crecimiento o desarrollo personal (por ejemplo, en liderazgo o gesti\u00f3n), Empleabilidad \/ opciones o cambios de carrera, Soporte en la gesti\u00f3n [&hellip;]<\/p>\n","protected":false},"author":6,"featured_media":0,"parent":2511,"menu_order":0,"comment_status":"closed","ping_status":"closed","template":"","meta":{"_uag_custom_page_level_css":""},"yoast_head":"<!-- This site is optimized with the Yoast SEO plugin v20.8 - https:\/\/yoast.com\/wordpress\/plugins\/seo\/ -->\n<title>Coaching individual &ndash; MSF Mentoring &amp; Coaching Hub<\/title>\n<meta name=\"robots\" content=\"index, follow, max-snippet:-1, max-image-preview:large, max-video-preview:-1\" \/>\n<link rel=\"canonical\" href=\"https:\/\/mentoring-coaching.msf.org\/?page_id=2514&lang=es\" \/>\n<meta property=\"og:locale\" content=\"en_US\" \/>\n<meta property=\"og:type\" content=\"article\" \/>\n<meta property=\"og:title\" content=\"Coaching individual &ndash; MSF Mentoring &amp; Coaching Hub\" \/>\n<meta property=\"og:description\" content=\"El coaching individual te ayuda a lograr metas relacionadas con el desarrollo y rendimiento profesional a la vez que se enfocan en la persona. Ejemplos de objetivos de coaching individual : Necesidad por un crecimiento o desarrollo personal (por ejemplo, en liderazgo o gesti\u00f3n), Empleabilidad \/ opciones o cambios de carrera, Soporte en la gesti\u00f3n [&hellip;]\" \/>\n<meta property=\"og:url\" content=\"https:\/\/mentoring-coaching.msf.org\/?page_id=2514&amp;lang=es\" \/>\n<meta property=\"og:site_name\" content=\"MSF Mentoring &amp; Coaching Hub\" \/>\n<meta property=\"article:modified_time\" content=\"2020-08-25T14:48:58+00:00\" \/>\n<meta name=\"twitter:card\" content=\"summary_large_image\" \/>\n<meta name=\"twitter:label1\" content=\"Est. reading time\" \/>\n\t<meta name=\"twitter:data1\" content=\"2 minutes\" \/>\n<script type=\"application\/ld+json\" class=\"yoast-schema-graph\">{\"@context\":\"https:\/\/schema.org\",\"@graph\":[{\"@type\":\"WebPage\",\"@id\":\"https:\/\/mentoring-coaching.msf.org\/?page_id=2514&lang=es\",\"url\":\"https:\/\/mentoring-coaching.msf.org\/?page_id=2514&lang=es\",\"name\":\"Coaching individual &ndash; MSF Mentoring &amp; Coaching Hub\",\"isPartOf\":{\"@id\":\"https:\/\/mentoring-coaching.msf.org\/#website\"},\"datePublished\":\"2020-02-17T15:31:53+00:00\",\"dateModified\":\"2020-08-25T14:48:58+00:00\",\"breadcrumb\":{\"@id\":\"https:\/\/mentoring-coaching.msf.org\/?page_id=2514&lang=es#breadcrumb\"},\"inLanguage\":\"en-US\",\"potentialAction\":[{\"@type\":\"ReadAction\",\"target\":[\"https:\/\/mentoring-coaching.msf.org\/?page_id=2514&lang=es\"]}]},{\"@type\":\"BreadcrumbList\",\"@id\":\"https:\/\/mentoring-coaching.msf.org\/?page_id=2514&lang=es#breadcrumb\",\"itemListElement\":[{\"@type\":\"ListItem\",\"position\":1,\"name\":\"Home\",\"item\":\"https:\/\/mentoring-coaching.msf.org\/?lang=en\"},{\"@type\":\"ListItem\",\"position\":2,\"name\":\"Coaching\",\"item\":\"https:\/\/mentoring-coaching.msf.org\/?page_id=2511&lang=es\"},{\"@type\":\"ListItem\",\"position\":3,\"name\":\"Coaching individual\"}]},{\"@type\":\"WebSite\",\"@id\":\"https:\/\/mentoring-coaching.msf.org\/#website\",\"url\":\"https:\/\/mentoring-coaching.msf.org\/\",\"name\":\"MSF Mentoring &amp; Coaching Hub\",\"description\":\"\",\"publisher\":{\"@id\":\"https:\/\/mentoring-coaching.msf.org\/#organization\"},\"potentialAction\":[{\"@type\":\"SearchAction\",\"target\":{\"@type\":\"EntryPoint\",\"urlTemplate\":\"https:\/\/mentoring-coaching.msf.org\/?s={search_term_string}\"},\"query-input\":\"required name=search_term_string\"}],\"inLanguage\":\"en-US\"},{\"@type\":\"Organization\",\"@id\":\"https:\/\/mentoring-coaching.msf.org\/#organization\",\"name\":\"Mentoring &Coaching Hub \u2013 Doctors Without Borders\",\"url\":\"https:\/\/mentoring-coaching.msf.org\/\",\"logo\":{\"@type\":\"ImageObject\",\"inLanguage\":\"en-US\",\"@id\":\"https:\/\/mentoring-coaching.msf.org\/#\/schema\/logo\/image\/\",\"url\":\"https:\/\/mentoring-coaching.msf.org\/wp-content\/uploads\/2019\/11\/MCHub-logo-white-small-RGB.jpg\",\"contentUrl\":\"https:\/\/mentoring-coaching.msf.org\/wp-content\/uploads\/2019\/11\/MCHub-logo-white-small-RGB.jpg\",\"width\":628,\"height\":408,\"caption\":\"Mentoring &Coaching Hub \u2013 Doctors Without Borders\"},\"image\":{\"@id\":\"https:\/\/mentoring-coaching.msf.org\/#\/schema\/logo\/image\/\"}}]}<\/script>\n<!-- \/ Yoast SEO plugin. -->","yoast_head_json":{"title":"Coaching individual &ndash; MSF Mentoring &amp; Coaching Hub","robots":{"index":"index","follow":"follow","max-snippet":"max-snippet:-1","max-image-preview":"max-image-preview:large","max-video-preview":"max-video-preview:-1"},"canonical":"https:\/\/mentoring-coaching.msf.org\/?page_id=2514&lang=es","og_locale":"en_US","og_type":"article","og_title":"Coaching individual &ndash; MSF Mentoring &amp; Coaching Hub","og_description":"El coaching individual te ayuda a lograr metas relacionadas con el desarrollo y rendimiento profesional a la vez que se enfocan en la persona. Ejemplos de objetivos de coaching individual : Necesidad por un crecimiento o desarrollo personal (por ejemplo, en liderazgo o gesti\u00f3n), Empleabilidad \/ opciones o cambios de carrera, Soporte en la gesti\u00f3n [&hellip;]","og_url":"https:\/\/mentoring-coaching.msf.org\/?page_id=2514&lang=es","og_site_name":"MSF Mentoring &amp; Coaching Hub","article_modified_time":"2020-08-25T14:48:58+00:00","twitter_card":"summary_large_image","twitter_misc":{"Est. reading time":"2 minutes"},"schema":{"@context":"https:\/\/schema.org","@graph":[{"@type":"WebPage","@id":"https:\/\/mentoring-coaching.msf.org\/?page_id=2514&lang=es","url":"https:\/\/mentoring-coaching.msf.org\/?page_id=2514&lang=es","name":"Coaching individual &ndash; MSF Mentoring &amp; Coaching Hub","isPartOf":{"@id":"https:\/\/mentoring-coaching.msf.org\/#website"},"datePublished":"2020-02-17T15:31:53+00:00","dateModified":"2020-08-25T14:48:58+00:00","breadcrumb":{"@id":"https:\/\/mentoring-coaching.msf.org\/?page_id=2514&lang=es#breadcrumb"},"inLanguage":"en-US","potentialAction":[{"@type":"ReadAction","target":["https:\/\/mentoring-coaching.msf.org\/?page_id=2514&lang=es"]}]},{"@type":"BreadcrumbList","@id":"https:\/\/mentoring-coaching.msf.org\/?page_id=2514&lang=es#breadcrumb","itemListElement":[{"@type":"ListItem","position":1,"name":"Home","item":"https:\/\/mentoring-coaching.msf.org\/?lang=en"},{"@type":"ListItem","position":2,"name":"Coaching","item":"https:\/\/mentoring-coaching.msf.org\/?page_id=2511&lang=es"},{"@type":"ListItem","position":3,"name":"Coaching individual"}]},{"@type":"WebSite","@id":"https:\/\/mentoring-coaching.msf.org\/#website","url":"https:\/\/mentoring-coaching.msf.org\/","name":"MSF Mentoring &amp; Coaching Hub","description":"","publisher":{"@id":"https:\/\/mentoring-coaching.msf.org\/#organization"},"potentialAction":[{"@type":"SearchAction","target":{"@type":"EntryPoint","urlTemplate":"https:\/\/mentoring-coaching.msf.org\/?s={search_term_string}"},"query-input":"required name=search_term_string"}],"inLanguage":"en-US"},{"@type":"Organization","@id":"https:\/\/mentoring-coaching.msf.org\/#organization","name":"Mentoring &Coaching Hub \u2013 Doctors Without Borders","url":"https:\/\/mentoring-coaching.msf.org\/","logo":{"@type":"ImageObject","inLanguage":"en-US","@id":"https:\/\/mentoring-coaching.msf.org\/#\/schema\/logo\/image\/","url":"https:\/\/mentoring-coaching.msf.org\/wp-content\/uploads\/2019\/11\/MCHub-logo-white-small-RGB.jpg","contentUrl":"https:\/\/mentoring-coaching.msf.org\/wp-content\/uploads\/2019\/11\/MCHub-logo-white-small-RGB.jpg","width":628,"height":408,"caption":"Mentoring &Coaching Hub \u2013 Doctors Without Borders"},"image":{"@id":"https:\/\/mentoring-coaching.msf.org\/#\/schema\/logo\/image\/"}}]}},"uagb_featured_image_src":{"full":false,"thumbnail":false,"medium":false,"medium_large":false,"large":false,"1536x1536":false,"2048x2048":false},"uagb_author_info":{"display_name":"Hossein Ghasemi","author_link":"https:\/\/mentoring-coaching.msf.org\/?author=6"},"uagb_comment_info":0,"uagb_excerpt":"El coaching individual te ayuda a lograr metas relacionadas con el desarrollo y rendimiento profesional a la vez que se enfocan en la persona. Ejemplos de objetivos de coaching individual : Necesidad por un crecimiento o desarrollo personal (por ejemplo, en liderazgo o gesti\u00f3n), Empleabilidad \/ opciones o cambios de carrera, Soporte en la gesti\u00f3n&hellip;","_links":{"self":[{"href":"https:\/\/mentoring-coaching.msf.org\/index.php?rest_route=\/wp\/v2\/pages\/2514"}],"collection":[{"href":"https:\/\/mentoring-coaching.msf.org\/index.php?rest_route=\/wp\/v2\/pages"}],"about":[{"href":"https:\/\/mentoring-coaching.msf.org\/index.php?rest_route=\/wp\/v2\/types\/page"}],"author":[{"embeddable":true,"href":"https:\/\/mentoring-coaching.msf.org\/index.php?rest_route=\/wp\/v2\/users\/6"}],"replies":[{"embeddable":true,"href":"https:\/\/mentoring-coaching.msf.org\/index.php?rest_route=%2Fwp%2Fv2%2Fcomments&post=2514"}],"version-history":[{"count":8,"href":"https:\/\/mentoring-coaching.msf.org\/index.php?rest_route=\/wp\/v2\/pages\/2514\/revisions"}],"predecessor-version":[{"id":2983,"href":"https:\/\/mentoring-coaching.msf.org\/index.php?rest_route=\/wp\/v2\/pages\/2514\/revisions\/2983"}],"up":[{"embeddable":true,"href":"https:\/\/mentoring-coaching.msf.org\/index.php?rest_route=\/wp\/v2\/pages\/2511"}],"wp:attachment":[{"href":"https:\/\/mentoring-coaching.msf.org\/index.php?rest_route=%2Fwp%2Fv2%2Fmedia&parent=2514"}],"curies":[{"name":"wp","href":"https:\/\/api.w.org\/{rel}","templated":true}]}}