{"id":2511,"date":"2020-02-17T15:25:57","date_gmt":"2020-02-17T15:25:57","guid":{"rendered":"https:\/\/mentoring-coaching.msf.org\/?page_id=2511"},"modified":"2020-02-28T15:57:49","modified_gmt":"2020-02-28T15:57:49","slug":"coaching-en-msf","status":"publish","type":"page","link":"https:\/\/mentoring-coaching.msf.org\/?page_id=2511&lang=es","title":{"rendered":"Coaching"},"content":{"rendered":"\n<div style=\"height:20px\" aria-hidden=\"true\" class=\"wp-block-spacer\"><\/div>\n\n\n\n<figure class=\"wp-block-embed-youtube alignwide wp-block-embed is-type-video is-provider-youtube wp-embed-aspect-16-9 wp-has-aspect-ratio\"><div class=\"wp-block-embed__wrapper\">\n<iframe loading=\"lazy\" title=\"What Does Coaching Bring to MSF?\" width=\"640\" height=\"360\" src=\"https:\/\/www.youtube.com\/embed\/LUX0LmqdfOY?feature=oembed\" frameborder=\"0\" allow=\"accelerometer; autoplay; encrypted-media; gyroscope; picture-in-picture\" allowfullscreen><\/iframe>\n<\/div><\/figure>\n\n\n\n<p>Para satisfacer la creciente demanda de desarrollo profesional dentro de MSF, el Mentoring &amp; Coaching Hub ha establecido un grupo de coaches internos y externos. Tras la graduaci\u00f3n de 24 coaches de MSF de nuestro programa de educaci\u00f3n para mentores en mayo de 2018, nuestra capacidad para brindar formaciones ha aumentado significativamente. Cada coach se compromete a ofrecer 100 horas de formaciones al movimiento.<\/p>\n\n\n\n<p>En colaboraci\u00f3n con los programas de formaciones preexistentes de MSF, el Mentoring &amp; Coaching Hub apoyar\u00e1 al movimiento MSF. Nuestro objetivo es ofrecer coaching individuales y en equipo al personal de terreno y de la sede. Cada Centro Operacional procesar\u00e1 la solicitud y, una vez validada, ser\u00e1 dirigida al Mentoring &amp; Coaching Hub para ser evaluada a profundidad e identificar si hay m\u00e1s necesidades. El Mentoring &amp; Coaching Hub es responsable de la supervisi\u00f3n, evaluaci\u00f3n y de garantizar la calidad.<\/p>\n\n\n\n<figure class=\"wp-block-pullquote\" style=\"border-color:#ee0000\"><blockquote><p>Buscamos al personal de MSF mejorando sus habilidades de liderazgo personal y profesional a trav\u00e9s del coaching.<\/p><\/blockquote><\/figure>\n\n\n\n<h2 class=\"wp-block-heading\">\u00bfPara qui\u00e9n es el coaching?<\/h2>\n\n\n\n<p>Proponemos una serie de <a href=\"https:\/\/mentoring-coaching.msf.org\/es\/coaching-en-msf\/coaching-individual\/\">coaching individual<\/a> cuando los objetivos identificados generalmente est\u00e1n relacionados con el desarrollo de una carrera o una mejora m\u00e1s amplia del rendimiento en un determinado conjunto de habilidades que no est\u00e1n relacionadas con una tarea espec\u00edfica.<\/p>\n\n\n\n<p>El <a href=\"https:\/\/mentoring-coaching.msf.org\/es\/coaching-en-msf\/coaching-equipo\/\">coaching de equipo<\/a> son una forma \u00fanica de desarrollar un equipo para ser m\u00e1s productivo y trabajar de forma m\u00e1s unida para lograr los objetivos generales que se han propuesto. Cada Centro Operacional tiene un punto focal al que deben ser enviadas las solicitudes y, si esta se valida, se env\u00eda al Mentoring &amp; Coaching Hub.<\/p>\n\n\n\n<figure class=\"wp-block-image size-large\"><img decoding=\"async\" loading=\"lazy\" width=\"799\" height=\"478\" src=\"https:\/\/mentoring-coaching.msf.org\/wp-content\/uploads\/2020\/02\/Asset-3.png\" alt=\"Diagram coaching\" class=\"wp-image-2634\" srcset=\"https:\/\/mentoring-coaching.msf.org\/wp-content\/uploads\/2020\/02\/Asset-3.png 799w, https:\/\/mentoring-coaching.msf.org\/wp-content\/uploads\/2020\/02\/Asset-3-300x179.png 300w, https:\/\/mentoring-coaching.msf.org\/wp-content\/uploads\/2020\/02\/Asset-3-768x459.png 768w\" sizes=\"(max-width: 799px) 100vw, 799px\" \/><figcaption>Comienza una relaci\u00f3n para el coaching<\/figcaption><\/figure>\n","protected":false},"excerpt":{"rendered":"<p>Para satisfacer la creciente demanda de desarrollo profesional dentro de MSF, el Mentoring &amp; Coaching Hub ha establecido un grupo de coaches internos y externos. Tras la graduaci\u00f3n de 24 coaches de MSF de nuestro programa de educaci\u00f3n para mentores en mayo de 2018, nuestra capacidad para brindar formaciones ha aumentado significativamente. Cada coach se [&hellip;]<\/p>\n","protected":false},"author":6,"featured_media":0,"parent":0,"menu_order":0,"comment_status":"closed","ping_status":"closed","template":"","meta":{"_uag_custom_page_level_css":""},"yoast_head":"<!-- This site is optimized with the Yoast SEO plugin v20.8 - https:\/\/yoast.com\/wordpress\/plugins\/seo\/ -->\n<title>Coaching &ndash; MSF Mentoring &amp; Coaching Hub<\/title>\n<meta name=\"robots\" content=\"index, follow, max-snippet:-1, max-image-preview:large, max-video-preview:-1\" \/>\n<link rel=\"canonical\" href=\"https:\/\/mentoring-coaching.msf.org\/?page_id=2511&lang=es\" \/>\n<meta property=\"og:locale\" content=\"en_US\" \/>\n<meta property=\"og:type\" content=\"article\" \/>\n<meta property=\"og:title\" content=\"Coaching &ndash; MSF Mentoring &amp; Coaching Hub\" \/>\n<meta property=\"og:description\" content=\"Para satisfacer la creciente demanda de desarrollo profesional dentro de MSF, el Mentoring &amp; Coaching Hub ha establecido un grupo de coaches internos y externos. Tras la graduaci\u00f3n de 24 coaches de MSF de nuestro programa de educaci\u00f3n para mentores en mayo de 2018, nuestra capacidad para brindar formaciones ha aumentado significativamente. Cada coach se [&hellip;]\" \/>\n<meta property=\"og:url\" content=\"https:\/\/mentoring-coaching.msf.org\/?page_id=2511&amp;lang=es\" \/>\n<meta property=\"og:site_name\" content=\"MSF Mentoring &amp; Coaching Hub\" \/>\n<meta property=\"article:modified_time\" content=\"2020-02-28T15:57:49+00:00\" \/>\n<meta property=\"og:image\" content=\"https:\/\/mentoring-coaching.msf.org\/wp-content\/uploads\/2020\/02\/Asset-3.png\" \/>\n<meta name=\"twitter:card\" content=\"summary_large_image\" \/>\n<meta name=\"twitter:label1\" content=\"Est. reading time\" \/>\n\t<meta name=\"twitter:data1\" content=\"1 minute\" \/>\n<script type=\"application\/ld+json\" class=\"yoast-schema-graph\">{\"@context\":\"https:\/\/schema.org\",\"@graph\":[{\"@type\":\"WebPage\",\"@id\":\"https:\/\/mentoring-coaching.msf.org\/?page_id=2511&lang=es\",\"url\":\"https:\/\/mentoring-coaching.msf.org\/?page_id=2511&lang=es\",\"name\":\"Coaching &ndash; MSF Mentoring &amp; Coaching Hub\",\"isPartOf\":{\"@id\":\"https:\/\/mentoring-coaching.msf.org\/#website\"},\"datePublished\":\"2020-02-17T15:25:57+00:00\",\"dateModified\":\"2020-02-28T15:57:49+00:00\",\"breadcrumb\":{\"@id\":\"https:\/\/mentoring-coaching.msf.org\/?page_id=2511&lang=es#breadcrumb\"},\"inLanguage\":\"en-US\",\"potentialAction\":[{\"@type\":\"ReadAction\",\"target\":[\"https:\/\/mentoring-coaching.msf.org\/?page_id=2511&lang=es\"]}]},{\"@type\":\"BreadcrumbList\",\"@id\":\"https:\/\/mentoring-coaching.msf.org\/?page_id=2511&lang=es#breadcrumb\",\"itemListElement\":[{\"@type\":\"ListItem\",\"position\":1,\"name\":\"Home\",\"item\":\"https:\/\/mentoring-coaching.msf.org\/?lang=en\"},{\"@type\":\"ListItem\",\"position\":2,\"name\":\"Coaching\"}]},{\"@type\":\"WebSite\",\"@id\":\"https:\/\/mentoring-coaching.msf.org\/#website\",\"url\":\"https:\/\/mentoring-coaching.msf.org\/\",\"name\":\"MSF Mentoring &amp; Coaching Hub\",\"description\":\"\",\"publisher\":{\"@id\":\"https:\/\/mentoring-coaching.msf.org\/#organization\"},\"potentialAction\":[{\"@type\":\"SearchAction\",\"target\":{\"@type\":\"EntryPoint\",\"urlTemplate\":\"https:\/\/mentoring-coaching.msf.org\/?s={search_term_string}\"},\"query-input\":\"required name=search_term_string\"}],\"inLanguage\":\"en-US\"},{\"@type\":\"Organization\",\"@id\":\"https:\/\/mentoring-coaching.msf.org\/#organization\",\"name\":\"Mentoring &Coaching Hub \u2013 Doctors Without Borders\",\"url\":\"https:\/\/mentoring-coaching.msf.org\/\",\"logo\":{\"@type\":\"ImageObject\",\"inLanguage\":\"en-US\",\"@id\":\"https:\/\/mentoring-coaching.msf.org\/#\/schema\/logo\/image\/\",\"url\":\"https:\/\/mentoring-coaching.msf.org\/wp-content\/uploads\/2019\/11\/MCHub-logo-white-small-RGB.jpg\",\"contentUrl\":\"https:\/\/mentoring-coaching.msf.org\/wp-content\/uploads\/2019\/11\/MCHub-logo-white-small-RGB.jpg\",\"width\":628,\"height\":408,\"caption\":\"Mentoring &Coaching Hub \u2013 Doctors Without Borders\"},\"image\":{\"@id\":\"https:\/\/mentoring-coaching.msf.org\/#\/schema\/logo\/image\/\"}}]}<\/script>\n<!-- \/ Yoast SEO plugin. -->","yoast_head_json":{"title":"Coaching &ndash; MSF Mentoring &amp; Coaching Hub","robots":{"index":"index","follow":"follow","max-snippet":"max-snippet:-1","max-image-preview":"max-image-preview:large","max-video-preview":"max-video-preview:-1"},"canonical":"https:\/\/mentoring-coaching.msf.org\/?page_id=2511&lang=es","og_locale":"en_US","og_type":"article","og_title":"Coaching &ndash; MSF Mentoring &amp; Coaching Hub","og_description":"Para satisfacer la creciente demanda de desarrollo profesional dentro de MSF, el Mentoring &amp; Coaching Hub ha establecido un grupo de coaches internos y externos. Tras la graduaci\u00f3n de 24 coaches de MSF de nuestro programa de educaci\u00f3n para mentores en mayo de 2018, nuestra capacidad para brindar formaciones ha aumentado significativamente. Cada coach se [&hellip;]","og_url":"https:\/\/mentoring-coaching.msf.org\/?page_id=2511&lang=es","og_site_name":"MSF Mentoring &amp; Coaching Hub","article_modified_time":"2020-02-28T15:57:49+00:00","og_image":[{"url":"https:\/\/mentoring-coaching.msf.org\/wp-content\/uploads\/2020\/02\/Asset-3.png"}],"twitter_card":"summary_large_image","twitter_misc":{"Est. reading time":"1 minute"},"schema":{"@context":"https:\/\/schema.org","@graph":[{"@type":"WebPage","@id":"https:\/\/mentoring-coaching.msf.org\/?page_id=2511&lang=es","url":"https:\/\/mentoring-coaching.msf.org\/?page_id=2511&lang=es","name":"Coaching &ndash; MSF Mentoring &amp; Coaching Hub","isPartOf":{"@id":"https:\/\/mentoring-coaching.msf.org\/#website"},"datePublished":"2020-02-17T15:25:57+00:00","dateModified":"2020-02-28T15:57:49+00:00","breadcrumb":{"@id":"https:\/\/mentoring-coaching.msf.org\/?page_id=2511&lang=es#breadcrumb"},"inLanguage":"en-US","potentialAction":[{"@type":"ReadAction","target":["https:\/\/mentoring-coaching.msf.org\/?page_id=2511&lang=es"]}]},{"@type":"BreadcrumbList","@id":"https:\/\/mentoring-coaching.msf.org\/?page_id=2511&lang=es#breadcrumb","itemListElement":[{"@type":"ListItem","position":1,"name":"Home","item":"https:\/\/mentoring-coaching.msf.org\/?lang=en"},{"@type":"ListItem","position":2,"name":"Coaching"}]},{"@type":"WebSite","@id":"https:\/\/mentoring-coaching.msf.org\/#website","url":"https:\/\/mentoring-coaching.msf.org\/","name":"MSF Mentoring &amp; Coaching Hub","description":"","publisher":{"@id":"https:\/\/mentoring-coaching.msf.org\/#organization"},"potentialAction":[{"@type":"SearchAction","target":{"@type":"EntryPoint","urlTemplate":"https:\/\/mentoring-coaching.msf.org\/?s={search_term_string}"},"query-input":"required name=search_term_string"}],"inLanguage":"en-US"},{"@type":"Organization","@id":"https:\/\/mentoring-coaching.msf.org\/#organization","name":"Mentoring &Coaching Hub \u2013 Doctors Without Borders","url":"https:\/\/mentoring-coaching.msf.org\/","logo":{"@type":"ImageObject","inLanguage":"en-US","@id":"https:\/\/mentoring-coaching.msf.org\/#\/schema\/logo\/image\/","url":"https:\/\/mentoring-coaching.msf.org\/wp-content\/uploads\/2019\/11\/MCHub-logo-white-small-RGB.jpg","contentUrl":"https:\/\/mentoring-coaching.msf.org\/wp-content\/uploads\/2019\/11\/MCHub-logo-white-small-RGB.jpg","width":628,"height":408,"caption":"Mentoring &Coaching Hub \u2013 Doctors Without Borders"},"image":{"@id":"https:\/\/mentoring-coaching.msf.org\/#\/schema\/logo\/image\/"}}]}},"uagb_featured_image_src":{"full":false,"thumbnail":false,"medium":false,"medium_large":false,"large":false,"1536x1536":false,"2048x2048":false},"uagb_author_info":{"display_name":"Hossein Ghasemi","author_link":"https:\/\/mentoring-coaching.msf.org\/?author=6"},"uagb_comment_info":0,"uagb_excerpt":"Para satisfacer la creciente demanda de desarrollo profesional dentro de MSF, el Mentoring &amp; Coaching Hub ha establecido un grupo de coaches internos y externos. Tras la graduaci\u00f3n de 24 coaches de MSF de nuestro programa de educaci\u00f3n para mentores en mayo de 2018, nuestra capacidad para brindar formaciones ha aumentado significativamente. Cada coach se&hellip;","_links":{"self":[{"href":"https:\/\/mentoring-coaching.msf.org\/index.php?rest_route=\/wp\/v2\/pages\/2511"}],"collection":[{"href":"https:\/\/mentoring-coaching.msf.org\/index.php?rest_route=\/wp\/v2\/pages"}],"about":[{"href":"https:\/\/mentoring-coaching.msf.org\/index.php?rest_route=\/wp\/v2\/types\/page"}],"author":[{"embeddable":true,"href":"https:\/\/mentoring-coaching.msf.org\/index.php?rest_route=\/wp\/v2\/users\/6"}],"replies":[{"embeddable":true,"href":"https:\/\/mentoring-coaching.msf.org\/index.php?rest_route=%2Fwp%2Fv2%2Fcomments&post=2511"}],"version-history":[{"count":6,"href":"https:\/\/mentoring-coaching.msf.org\/index.php?rest_route=\/wp\/v2\/pages\/2511\/revisions"}],"predecessor-version":[{"id":2730,"href":"https:\/\/mentoring-coaching.msf.org\/index.php?rest_route=\/wp\/v2\/pages\/2511\/revisions\/2730"}],"wp:attachment":[{"href":"https:\/\/mentoring-coaching.msf.org\/index.php?rest_route=%2Fwp%2Fv2%2Fmedia&parent=2511"}],"curies":[{"name":"wp","href":"https:\/\/api.w.org\/{rel}","templated":true}]}}